{"id":303,"date":"2019-05-22T11:54:01","date_gmt":"2019-05-22T09:54:01","guid":{"rendered":"https:\/\/www.outsourcing-iod.pl\/?page_id=303"},"modified":"2025-02-20T12:21:02","modified_gmt":"2025-02-20T11:21:02","slug":"polityka-prywatnosci","status":"publish","type":"page","link":"https:\/\/www.outsourcing-iod.pl\/index.php\/polityka-prywatnosci\/","title":{"rendered":"Polityka prywatno\u015bci"},"content":{"rendered":"<div class=\"cli_pg_page_contaner\">\n<div>\n<p align=\"justify\"><span style=\"font-family: Times New Roman, serif;\"><span style=\"font-size: medium;\"><u><b>POLITYKA PRYWATNO\u015aCI<\/b><\/u><\/span><\/span><\/p>\n<p align=\"justify\"><span style=\"font-family: Times New Roman, serif;\"><span style=\"font-size: medium;\">Szanuj\u0105c prawo do prywatno\u015bci os\u00f3b, kt\u00f3re korzystaj\u0105 z us\u0142ug firmy SK admin, pragniemy zdeklarowa\u0107, i\u017c pozyskane dane przetwarzamy zgodnie z krajowymi i europejskimi przepisami prawa oraz w warunkach zapewniaj\u0105cych bezpiecze\u0144stwo. <\/span><\/span><\/p>\n<p align=\"justify\"><span style=\"font-family: Times New Roman, serif;\"><span style=\"font-size: medium;\">Chc\u0105c zapewni\u0107 transparentno\u015b\u0107 realizowanych przez siebie proces\u00f3w przetwarzania przedstawiamy obowi\u0105zuj\u0105ce w SK admin zasady ochrony danych osobowych, ustanowione na gruncie Rozporz\u0105dzenia Parlamentu Europejskiego i Rady (UE) 2016\/679 z dnia 27 kwietnia 2016 roku w sprawie ochrony os\u00f3b fizycznych w zwi\u0105zku z przetwarzaniem danych osobowych i w sprawie swobodnego przep\u0142ywu takich danych oraz uchylenia dyrektywy 95\/46\/WE (og\u00f3lne rozporz\u0105dzenie o ochronie danych, zwane dalej \u201eRODO\u201d). <\/span><\/span><\/p>\n<p align=\"justify\"><span style=\"font-family: Times New Roman, serif;\"><span style=\"font-size: medium;\"><b>1. Administrator danych <\/b><\/span><\/span><\/p>\n<p align=\"justify\"><span style=\"font-family: Times New Roman, serif;\"><span style=\"font-size: medium;\">Administratorem danych osobowych zbieranych za po\u015brednictwem serwisu internetowego jest Sylwester Krawczyk prowadz\u0105cy dzia\u0142alno\u015b\u0107 gospodarcz\u0105 pod nazw\u0105 SK\u00a0admin z siedzib\u0105 w Suchym Lesie (62-002) przy ul. Obornickiej 117\/7. <\/span><\/span><\/p>\n<p align=\"justify\"><span style=\"font-family: Times New Roman, serif;\"><span style=\"font-size: medium;\">W sprawach zwi\u0105zanych z przetwarzaniem Pa\u0144stwa danych osobowych mog\u0105 Pa\u0144stwo skontaktowa\u0107 si\u0119 pod adresem e-mail: <\/span><\/span><span style=\"color: #0000ff;\"><a href=\"mailto:biuro@skadmin.pl\"><span style=\"color: #000000;\"><span style=\"font-family: Times New Roman, serif;\"><span style=\"font-size: medium;\">biuro@skadmin.pl<\/span><\/span><\/span><\/a><\/span><span style=\"font-family: Times New Roman, serif;\"><span style=\"font-size: medium;\"> lub na adres siedziby.<\/span><\/span><\/p>\n<p align=\"justify\"><span style=\"font-family: Times New Roman, serif;\"><span style=\"font-size: medium;\"><b>2. Inspektor ochrony danych<\/b><\/span><\/span><\/p>\n<p align=\"justify\">W firmie SK admin funkcj\u0119 inspektora ochrony danych osobowych pe\u0142ni Pani Anit\u0105 Kacpersk\u0105, z kt\u00f3r\u0105 mog\u0105 Pa\u0144stwo skontaktowa\u0107 si\u0119 mailowo pod adresem: <a href=\"mailto:anita.kacperska@outsourcing-iod.pl\">anita.kacperska@outsourcing-iod.pl<\/a>.<\/p>\n<p align=\"justify\"><span style=\"font-family: Times New Roman, serif;\"><span style=\"font-size: medium;\"><b>3. Cele i czas przetwarzania danych <\/b><\/span><\/span><\/p>\n<p align=\"justify\"><span style=\"font-family: Times New Roman, serif;\"><span style=\"font-size: medium;\">SK admin to firma oferuj\u0105ca kompleksowe rozwi\u0105zania w zakresie ochrony danych osobowych i bezpiecze\u0144stwa informacji. Realizuj\u0105c swoje funkcje biznesowe przetwarzamy dane osobowe w nast\u0119puj\u0105cych celach:<\/span><\/span><\/p>\n<ol type=\"a\">\n<li>\n<p align=\"justify\"><span style=\"font-family: Times New Roman, serif;\"><span style=\"font-size: medium;\">obs\u0142ugi zg\u0142osze\u0144 kierowanych z wykorzystaniem formularza kontaktowego znajduj\u0105cego si\u0119 na stronie www. outsourcing-iod.pl lub bezpo\u015brednio na adres mailowy \u2013 na podstawie art. 6 ust. 1 lit. a RODO. Dane b\u0119d\u0105 przetwarzane przez czas prowadzenia sprawy z wykorzystaniem formularza, jednak\u017ce nie d\u0142u\u017cej ni\u017c przez okres 1 roku celem zachowania zasady rozliczalno\u015bci, chyba \u017ce zostanie wniesiony sprzeciw co do przetwarzania.<\/span><\/span><\/p>\n<\/li>\n<li>\n<p align=\"justify\"><span style=\"font-family: Times New Roman, serif;\"><span style=\"font-size: medium;\">zawarcia i wykonania umowy \u2013 na podstawie art. 6 ust. 1 lit. b RODO. Dane b\u0119d\u0105 przetwarzane przez czas trwania umowy, a po zako\u0144czeniu jej obowi\u0105zywania do czasu up\u0142ywu termin\u00f3w roszcze\u0144 z niej wynikaj\u0105cych.<\/span><\/span><\/p>\n<\/li>\n<li>\n<p align=\"justify\"><span style=\"font-family: Times New Roman, serif;\"><span style=\"font-size: medium;\">prowadzenia statystyk \u2013 na podstawie art. 6 ust. 1 lit. f RODO. Prowadzenie informacji o statystykach pozwala na usprawnienie prowadzonej dzia\u0142alno\u015bci. Dane b\u0119d\u0105 przetwarzane do czasu prowadzenia innej, wskazanej wy\u017cej operacji przetwarzania. Nie przechowujemy danych os\u00f3b wy\u0142\u0105cznie dla cel\u00f3w statystycznych. <\/span><\/span><\/p>\n<\/li>\n<\/ol>\n<p align=\"justify\"><span style=\"font-family: Times New Roman, serif;\"><span style=\"font-size: medium;\">SK admin mo\u017ce przetwarza\u0107 nast\u0119puj\u0105ce dane osobowe os\u00f3b korzystaj\u0105cych z serwisu internetowego: imi\u0119 i nazwisko, adres e-mail, numer telefonu kontaktowego, adres IP.<\/span><\/span><\/p>\n<p><span style=\"font-family: Times New Roman, serif;\"><span style=\"font-size: medium;\"><b>4. Odbiorcy danych<\/b><\/span><\/span><\/p>\n<p align=\"justify\"><a name=\"_GoBack\"><\/a> <span style=\"font-family: Times New Roman, serif;\"><span style=\"font-size: medium;\">Odbiorcami, Pa\u0144stwa danych osobowych s\u0105: pracownicy, kt\u00f3rzy zostali przeszkoleni w\u00a0zakresie nale\u017cytego przetwarzania danych osobowych i zobowi\u0105zali si\u0119 do ich przetwarzania w spos\u00f3b gwarantuj\u0105cy najwy\u017cszy poziom bezpiecze\u0144stwa tych danych oraz podmioty przetwarzaj\u0105ce dane osobowe na zlecenie firmy SK admin. Podmioty przetwarzaj\u0105ce nie\u00a0decyduj\u0105 samodzielnie o tym, w jaki spos\u00f3b przetwarza\u0107 Pa\u0144stwa dane osobowe. Przetwarzanie przez nich ma miejsce tylko w zakresie, w jakim jest to niezb\u0119dne dla prowadzenia dzia\u0142alno\u015bci przez firmy. Administrator ma kontrol\u0119 nad dzia\u0142aniem takich podmiot\u00f3w za pomoc\u0105 odpowiednich zapis\u00f3w umownych chroni\u0105cych Pa\u0144stwa prywatno\u015b\u0107.<\/span><\/span><\/p>\n<p align=\"justify\"><span style=\"font-family: Times New Roman, serif;\"><span style=\"font-size: medium;\"><b>5. Uprawnienia w zakresie przetwarzania danych i dobrowolno\u015b\u0107 podania danych<\/b><\/span><\/span><\/p>\n<p align=\"justify\"><span style=\"font-family: Times New Roman, serif;\"><span style=\"font-size: medium;\">Ka\u017cdej osobie, kt\u00f3rej dane s\u0105 przetwarzane przez firm\u0119 SK admin przys\u0142uguje prawo do:<\/span><\/span><\/p>\n<ol type=\"a\">\n<li>\n<p align=\"justify\"><span style=\"font-family: Times New Roman, serif;\"><span style=\"font-size: medium;\">dost\u0119pu do swoich danych osobowych,<\/span><\/span><\/p>\n<\/li>\n<li>\n<p align=\"justify\"><span style=\"font-family: Times New Roman, serif;\"><span style=\"font-size: medium;\">sprostowania swoich danych osobowych,<\/span><\/span><\/p>\n<\/li>\n<li>\n<p align=\"justify\"><span style=\"font-family: Times New Roman, serif;\"><span style=\"font-size: medium;\">usuni\u0119cia swoich danych osobowych,<\/span><\/span><\/p>\n<\/li>\n<li>\n<p align=\"justify\"><span style=\"font-family: Times New Roman, serif;\"><span style=\"font-size: medium;\">ograniczenia przetwarzania swoich danych osobowych,<\/span><\/span><\/p>\n<\/li>\n<li>\n<p align=\"justify\"><span style=\"font-family: Times New Roman, serif;\"><span style=\"font-size: medium;\">wniesienia sprzeciwu wobec przetwarzania danych osobowych,<\/span><\/span><\/p>\n<\/li>\n<li>\n<p align=\"justify\"><span style=\"font-family: Times New Roman, serif;\"><span style=\"font-size: medium;\">przenoszenia swoich danych osobowych,<\/span><\/span><\/p>\n<\/li>\n<li>\n<p align=\"justify\"><span style=\"font-family: Times New Roman, serif;\"><span style=\"font-size: medium;\">cofni\u0119cia zgody w dowolnym momencie bez wp\u0142ywu na zgodno\u015b\u0107 z prawem przetwarzania, kt\u00f3rego dokonano na podstawie zgody przed jej cofni\u0119ciem (o ile przetwarzanie odbywa si\u0119 podstawie zgody).<\/span><\/span><\/p>\n<\/li>\n<\/ol>\n<p align=\"justify\"><span style=\"font-family: Times New Roman, serif;\"><span style=\"font-size: medium;\">Nadto, osobie kt\u00f3rej dane s\u0105 przetwarzane przez firm\u0119 SK admin przys\u0142uguje prawo wniesienia skargi do organu nadzorczego, tj. Prezesa Urz\u0119du Ochrony Danych Osobowych.<\/span><\/span><\/p>\n<p align=\"justify\"><span style=\"font-family: Times New Roman, serif;\"><span style=\"font-size: medium;\"><b>6. Czy musisz podawa\u0107 SK admin swoje dane osobowe?<\/b><\/span><\/span><\/p>\n<p align=\"justify\"><span style=\"font-family: Times New Roman, serif;\"><span style=\"font-size: medium;\">Podanie danych jest niezb\u0119dne do udzielenia odpowiedzi na pytanie skierowane za\u00a0pomoc\u0105 formularza kontaktowego lub adresu e-mail oraz zawarcia um\u00f3w i rozliczenia prowadzonej dzia\u0142alno\u015bci oraz wywi\u0105zania si\u0119 przez SK admin z wymog\u00f3w prawa. Oznacza, to \u017ce chc\u0105c skorzysta\u0107 z us\u0142ug oferowanych przez SK admin musz\u0105 Pa\u0144stwo poda\u0107 swoje dane osobowe. <\/span><\/span><\/p>\n<p align=\"justify\"><span style=\"font-family: Times New Roman, serif;\"><span style=\"font-size: medium;\"><b>7. Przekazywanie danych do pa\u0144stw trzecich<\/b><\/span><\/span><\/p>\n<p align=\"justify\"><span style=\"font-family: Times New Roman, serif;\"><span style=\"font-size: medium;\">Dane osobowe nie b\u0119d\u0105 przekazywane do pa\u0144stwa trzecich.<\/span><\/span><\/p>\n<p align=\"justify\"><span style=\"font-family: Times New Roman, serif;\"><span style=\"font-size: medium;\"><b>8. Przetwarzanie danych osobowych w spos\u00f3b zautomatyzowany<\/b><\/span><\/span><\/p>\n<p align=\"justify\"><span style=\"font-family: Times New Roman, serif;\"><span style=\"font-size: medium;\">Dane osobowe nie b\u0119d\u0105 przetwarzane w spos\u00f3b zautomatyzowany (w tym w formie profilowania).<\/span><\/span><\/p>\n<p align=\"justify\"><span style=\"font-family: Times New Roman, serif;\"><span style=\"font-size: medium;\"><b>9. Postanowienia ko\u0144cowe<\/b><\/span><\/span><\/p>\n<p align=\"justify\"><span style=\"font-family: Times New Roman, serif;\"><span style=\"font-size: medium;\">Strona www.<\/span><\/span><span style=\"font-family: Times New Roman, serif;\"><span style=\"font-size: medium;\"> www. outsourcing-iod.pl mo\u017ce zawiera\u0107 odno\u015bniki do innych stron internetowych. Zach\u0119camy by po przej\u015bciu na inne strony, zapozna\u0107 si\u0119 z polityk\u0105 prywatno\u015bci tam ustalon\u0105. Niniejsza polityka prywatno\u015bci dotyczy tylko niniejszej strony.<\/span><\/span><\/p>\n<p align=\"justify\"><span style=\"font-family: Times New Roman, serif;\"><span style=\"font-size: medium;\"> SK admin stosuje \u015brodki techniczne i organizacyjne zapewniaj\u0105ce ochron\u0119 przetwarzanych danych osobowych odpowiedni\u0105 do zagro\u017ce\u0144 oraz kategorii danych obj\u0119tych ochron\u0105, a w szczeg\u00f3lno\u015bci zabezpiecza dane przed ich udost\u0119pnianiem osobom nieupowa\u017cnionym, zabraniem przez osob\u0119 nieuprawnion\u0105, przetwarzaniem z naruszeniem obowi\u0105zuj\u0105cych przepis\u00f3w oraz zmian\u0105, utrat\u0105, uszkodzeniem lub zniszczeniem.<\/span><\/span><\/p>\n<p align=\"justify\"><span style=\"font-family: Times New Roman, serif;\"><span style=\"font-size: medium;\">Ponadto udost\u0119pniamy nast\u0119puj\u0105ce \u015brodki techniczne zapobiegaj\u0105ce pozyskiwaniu i\u00a0modyfikowaniu przez osoby nieuprawnione danych osobowych przesy\u0142anych drog\u0105 elektroniczn\u0105:<\/span><\/span><\/p>\n<p align=\"justify\"><span style=\"font-family: Times New Roman, serif;\"><span style=\"font-size: medium;\">&#8211; zabezpieczenie zbioru danych przed nieuprawnionym dost\u0119pem,<\/span><\/span><\/p>\n<p align=\"justify\"><span style=\"font-family: Times New Roman, serif;\"><span style=\"font-size: medium;\">&#8211; certyfikat SSL.<\/span><\/span><\/p>\n<p align=\"justify\"><span style=\"font-family: Times New Roman, serif;\"><span style=\"font-size: medium;\"><u><b>POLITYKA COOKIES <\/b><\/u><\/span><\/span><\/p>\n<p><span style=\"font-family: Times New Roman, serif;\"><span style=\"font-size: medium;\"><b>Dost\u0119p do informacji na urz\u0105dzeniu ko\u0144cowym u\u017cytkownika (pliki cookies)<\/b><\/span><\/span><\/p>\n<p align=\"justify\"><span style=\"font-family: Times New Roman, serif;\"><span style=\"font-size: medium;\">Strona internetowa www.outsourcing-iod.pl korzysta z technologii przechowuj\u0105cej i\u00a0uzyskuj\u0105cej dost\u0119p do informacji w urz\u0105dzeniu ko\u0144cowym u\u017cytkownika (w szczeg\u00f3lno\u015bci z\u00a0wykorzystaniem plik\u00f3w cookies).<\/span><\/span><\/p>\n<p align=\"justify\"><span style=\"font-family: Times New Roman, serif;\"><span style=\"font-size: medium;\">Pliki cookies s\u0105 to niewielkie informacje tekstowe w postaci plik\u00f3w tekstowych, wysy\u0142ane przez serwer i zapisywane po stronie osoby odwiedzaj\u0105cej stron\u0119 www.outsourcing-iod.pl (np. na dysku twardym komputera, laptopa, czy te\u017c na karcie pami\u0119ci smartfona \u2013 w\u00a0zale\u017cno\u015bci z\u00a0jakiego urz\u0105dzenia korzysta odwiedzaj\u0105cy nasz\u0105 stron\u0119).<\/span><\/span><\/p>\n<p align=\"justify\"><span style=\"font-family: Times New Roman, serif;\"><span style=\"font-size: medium;\">Pliki cookie w szczeg\u00f3lno\u015bci u\u0142atwiaj\u0105 u\u017cytkownikowi korzystanie z wcze\u015bniej odwiedzanych przez niego stron internetowych. Je\u015bli u\u017cytkownik korzysta\u0142 z tego samego urz\u0105dzenia i\u00a0przegl\u0105darki wcze\u015bniej, pliki cookies umo\u017cliwiaj\u0105 zapami\u0119tanie jego preferencji.<\/span><\/span><\/p>\n<p align=\"justify\"><span style=\"font-family: Times New Roman, serif;\"><span style=\"font-size: medium;\">Pliki cookies wykorzystywane na stronie internetowej www.outsourcing-iod.pl s\u0142u\u017c\u0105 przede wszystkim gromadzeniu danych statystycznych o ruchu i liczbie u\u017cytkownik\u00f3w w serwisie oraz o sposobie korzystania przez u\u017cytkownik\u00f3w z jego zawarto\u015bci, nie zbieraj\u0105c przy tym \u017cadnych informacji pozwalaj\u0105cych na ich identyfikacj\u0119.<\/span><\/span><\/p>\n<p align=\"justify\"><span style=\"font-family: Times New Roman, serif;\"><span style=\"font-size: medium;\">U\u017cytkownik mo\u017ce z poziomu przegl\u0105darki zmieni\u0107 spos\u00f3b korzystania z plik\u00f3w cookies, pochodz\u0105cych ze strony internetowej www.outsourcing-iod.pl Szczeg\u00f3\u0142owe informacje na ten temat mo\u017cna znale\u017a\u0107, korzystaj\u0105c z funkcji Pomoc w danej przegl\u0105darce.<\/span><\/span><\/p>\n<p align=\"justify\"><span style=\"font-family: Times New Roman, serif;\"><span style=\"font-size: medium;\">Przyk\u0142adowo w przegl\u0105darce <\/span><\/span><span style=\"font-family: Times New Roman, serif;\"><span style=\"font-size: medium;\"><b>Internet Explorer<\/b><\/span><\/span><span style=\"font-family: Times New Roman, serif;\"><span style=\"font-size: medium;\"> pliki cookies mo\u017cna modyfikowa\u0107 z poziomu: Narz\u0119dzia -&gt; Opcje internetowe -&gt; Prywatno\u015b\u0107, w przegl\u0105darce <\/span><\/span><span style=\"font-family: Times New Roman, serif;\"><span style=\"font-size: medium;\"><b>Mozilla Firefox<\/b><\/span><\/span><span style=\"font-family: Times New Roman, serif;\"><span style=\"font-size: medium;\">: Narz\u0119dzia -&gt; Opcje -&gt; Prywatno\u015b\u0107, natomiast w przegl\u0105darce <\/span><\/span><span style=\"font-family: Times New Roman, serif;\"><span style=\"font-size: medium;\"><b>Google Chrome<\/b><\/span><\/span><span style=\"font-family: Times New Roman, serif;\"><span style=\"font-size: medium;\">: Ustawienia -&gt; Poka\u017c ustawienia zaawansowane -&gt; Prywatno\u015b\u0107 -&gt; Ustawienia tre\u015bci -&gt; Pliki cookie. Przy czym \u015bcie\u017cki dost\u0119pu mog\u0105 zale\u017ce\u0107 od wersji przegl\u0105darki.<\/span><\/span><\/p>\n<p align=\"justify\"><span style=\"font-family: Times New Roman, serif;\"><span style=\"font-size: medium;\">Informacje o zarz\u0105dzaniu plikami cookies na telefonie kom\u00f3rkowym mo\u017cna znale\u017a\u0107 w\u00a0Podr\u0119czniku U\u017cytkownika danego telefonu.<\/span><\/span><\/p>\n<p align=\"justify\"><span style=\"font-family: Times New Roman, serif;\"><span style=\"font-size: medium;\">SK admin informuje, \u017ce ograniczenia stosowania plik\u00f3w cookies mog\u0105 wp\u0142yn\u0105\u0107 na\u00a0prawid\u0142owo\u015b\u0107 dzia\u0142ania strony internetowej.<\/span><\/span><\/p>\n<\/div>\n<\/div>\n","protected":false},"excerpt":{"rendered":"<p>POLITYKA PRYWATNO\u015aCI Szanuj\u0105c prawo do prywatno\u015bci os\u00f3b, kt\u00f3re korzystaj\u0105 z us\u0142ug firmy SK admin, pragniemy zdeklarowa\u0107, i\u017c pozyskane dane przetwarzamy zgodnie z krajowymi i europejskimi przepisami prawa oraz w warunkach zapewniaj\u0105cych bezpiecze\u0144stwo. Chc\u0105c zapewni\u0107 transparentno\u015b\u0107 realizowanych przez siebie proces\u00f3w przetwarzania przedstawiamy obowi\u0105zuj\u0105ce w SK admin zasady ochrony danych osobowych, ustanowione na gruncie Rozporz\u0105dzenia Parlamentu Europejskiego<a href=\"https:\/\/www.outsourcing-iod.pl\/index.php\/polityka-prywatnosci\/\">[&#8230;]<\/a><\/p>\n","protected":false},"author":1,"featured_media":0,"parent":0,"menu_order":0,"comment_status":"closed","ping_status":"closed","template":"template-fullwidth.php","meta":[],"categories":[],"tags":[],"yoast_head":"<!-- This site is optimized with the Yoast SEO plugin v20.2.1 - https:\/\/yoast.com\/wordpress\/plugins\/seo\/ -->\n<title>Polityka prywatno\u015bci - Outsourcing IOD Inspektor Ochrony Danych<\/title>\n<meta name=\"robots\" content=\"index, follow, max-snippet:-1, max-image-preview:large, max-video-preview:-1\" \/>\n<link rel=\"canonical\" href=\"https:\/\/www.outsourcing-iod.pl\/index.php\/polityka-prywatnosci\/\" \/>\n<meta property=\"og:locale\" content=\"pl_PL\" \/>\n<meta property=\"og:type\" content=\"article\" \/>\n<meta property=\"og:title\" content=\"Polityka prywatno\u015bci - Outsourcing IOD Inspektor Ochrony Danych\" \/>\n<meta property=\"og:description\" content=\"POLITYKA PRYWATNO\u015aCI Szanuj\u0105c prawo do prywatno\u015bci os\u00f3b, kt\u00f3re korzystaj\u0105 z us\u0142ug firmy SK admin, pragniemy zdeklarowa\u0107, i\u017c pozyskane dane przetwarzamy zgodnie z krajowymi i europejskimi przepisami prawa oraz w warunkach zapewniaj\u0105cych bezpiecze\u0144stwo. Chc\u0105c zapewni\u0107 transparentno\u015b\u0107 realizowanych przez siebie proces\u00f3w przetwarzania przedstawiamy obowi\u0105zuj\u0105ce w SK admin zasady ochrony danych osobowych, ustanowione na gruncie Rozporz\u0105dzenia Parlamentu Europejskiego[...]\" \/>\n<meta property=\"og:url\" content=\"https:\/\/www.outsourcing-iod.pl\/index.php\/polityka-prywatnosci\/\" \/>\n<meta property=\"og:site_name\" content=\"Outsourcing IOD Inspektor Ochrony Danych\" \/>\n<meta property=\"article:publisher\" content=\"https:\/\/www.facebook.com\/firma.nformatyczna\" \/>\n<meta property=\"article:modified_time\" content=\"2025-02-20T11:21:02+00:00\" \/>\n<meta name=\"twitter:card\" content=\"summary_large_image\" \/>\n<meta name=\"twitter:label1\" content=\"Szacowany czas czytania\" \/>\n\t<meta name=\"twitter:data1\" content=\"7 minut\" \/>\n<script type=\"application\/ld+json\" class=\"yoast-schema-graph\">{\"@context\":\"https:\/\/schema.org\",\"@graph\":[{\"@type\":\"WebPage\",\"@id\":\"https:\/\/www.outsourcing-iod.pl\/index.php\/polityka-prywatnosci\/\",\"url\":\"https:\/\/www.outsourcing-iod.pl\/index.php\/polityka-prywatnosci\/\",\"name\":\"Polityka prywatno\u015bci - Outsourcing IOD Inspektor Ochrony Danych\",\"isPartOf\":{\"@id\":\"https:\/\/www.outsourcing-iod.pl\/#website\"},\"datePublished\":\"2019-05-22T09:54:01+00:00\",\"dateModified\":\"2025-02-20T11:21:02+00:00\",\"breadcrumb\":{\"@id\":\"https:\/\/www.outsourcing-iod.pl\/index.php\/polityka-prywatnosci\/#breadcrumb\"},\"inLanguage\":\"pl-PL\",\"potentialAction\":[{\"@type\":\"ReadAction\",\"target\":[\"https:\/\/www.outsourcing-iod.pl\/index.php\/polityka-prywatnosci\/\"]}]},{\"@type\":\"BreadcrumbList\",\"@id\":\"https:\/\/www.outsourcing-iod.pl\/index.php\/polityka-prywatnosci\/#breadcrumb\",\"itemListElement\":[{\"@type\":\"ListItem\",\"position\":1,\"name\":\"Strona g\u0142\u00f3wna\",\"item\":\"https:\/\/www.outsourcing-iod.pl\/\"},{\"@type\":\"ListItem\",\"position\":2,\"name\":\"Polityka prywatno\u015bci\"}]},{\"@type\":\"WebSite\",\"@id\":\"https:\/\/www.outsourcing-iod.pl\/#website\",\"url\":\"https:\/\/www.outsourcing-iod.pl\/\",\"name\":\"Outsourcing IOD Inspektor Ochrony Danych\",\"description\":\"Pe\u0142nimy zewn\u0119trzn\u0105 funkcj\u0119 inspektora ochrony danych\",\"publisher\":{\"@id\":\"https:\/\/www.outsourcing-iod.pl\/#organization\"},\"potentialAction\":[{\"@type\":\"SearchAction\",\"target\":{\"@type\":\"EntryPoint\",\"urlTemplate\":\"https:\/\/www.outsourcing-iod.pl\/?s={search_term_string}\"},\"query-input\":\"required name=search_term_string\"}],\"inLanguage\":\"pl-PL\"},{\"@type\":\"Organization\",\"@id\":\"https:\/\/www.outsourcing-iod.pl\/#organization\",\"name\":\"Outsourcing IOD Inspektor Ochrony Danych\",\"url\":\"https:\/\/www.outsourcing-iod.pl\/\",\"logo\":{\"@type\":\"ImageObject\",\"inLanguage\":\"pl-PL\",\"@id\":\"https:\/\/www.outsourcing-iod.pl\/#\/schema\/logo\/image\/\",\"url\":\"https:\/\/www.outsourcing-iod.pl\/wp-content\/uploads\/2023\/03\/logo.png\",\"contentUrl\":\"https:\/\/www.outsourcing-iod.pl\/wp-content\/uploads\/2023\/03\/logo.png\",\"width\":300,\"height\":200,\"caption\":\"Outsourcing IOD Inspektor Ochrony Danych\"},\"image\":{\"@id\":\"https:\/\/www.outsourcing-iod.pl\/#\/schema\/logo\/image\/\"},\"sameAs\":[\"https:\/\/www.facebook.com\/firma.nformatyczna\"]}]}<\/script>\n<!-- \/ Yoast SEO plugin. -->","yoast_head_json":{"title":"Polityka prywatno\u015bci - Outsourcing IOD Inspektor Ochrony Danych","robots":{"index":"index","follow":"follow","max-snippet":"max-snippet:-1","max-image-preview":"max-image-preview:large","max-video-preview":"max-video-preview:-1"},"canonical":"https:\/\/www.outsourcing-iod.pl\/index.php\/polityka-prywatnosci\/","og_locale":"pl_PL","og_type":"article","og_title":"Polityka prywatno\u015bci - Outsourcing IOD Inspektor Ochrony Danych","og_description":"POLITYKA PRYWATNO\u015aCI Szanuj\u0105c prawo do prywatno\u015bci os\u00f3b, kt\u00f3re korzystaj\u0105 z us\u0142ug firmy SK admin, pragniemy zdeklarowa\u0107, i\u017c pozyskane dane przetwarzamy zgodnie z krajowymi i europejskimi przepisami prawa oraz w warunkach zapewniaj\u0105cych bezpiecze\u0144stwo. Chc\u0105c zapewni\u0107 transparentno\u015b\u0107 realizowanych przez siebie proces\u00f3w przetwarzania przedstawiamy obowi\u0105zuj\u0105ce w SK admin zasady ochrony danych osobowych, ustanowione na gruncie Rozporz\u0105dzenia Parlamentu Europejskiego[...]","og_url":"https:\/\/www.outsourcing-iod.pl\/index.php\/polityka-prywatnosci\/","og_site_name":"Outsourcing IOD Inspektor Ochrony Danych","article_publisher":"https:\/\/www.facebook.com\/firma.nformatyczna","article_modified_time":"2025-02-20T11:21:02+00:00","twitter_card":"summary_large_image","twitter_misc":{"Szacowany czas czytania":"7 minut"},"schema":{"@context":"https:\/\/schema.org","@graph":[{"@type":"WebPage","@id":"https:\/\/www.outsourcing-iod.pl\/index.php\/polityka-prywatnosci\/","url":"https:\/\/www.outsourcing-iod.pl\/index.php\/polityka-prywatnosci\/","name":"Polityka prywatno\u015bci - Outsourcing IOD Inspektor Ochrony Danych","isPartOf":{"@id":"https:\/\/www.outsourcing-iod.pl\/#website"},"datePublished":"2019-05-22T09:54:01+00:00","dateModified":"2025-02-20T11:21:02+00:00","breadcrumb":{"@id":"https:\/\/www.outsourcing-iod.pl\/index.php\/polityka-prywatnosci\/#breadcrumb"},"inLanguage":"pl-PL","potentialAction":[{"@type":"ReadAction","target":["https:\/\/www.outsourcing-iod.pl\/index.php\/polityka-prywatnosci\/"]}]},{"@type":"BreadcrumbList","@id":"https:\/\/www.outsourcing-iod.pl\/index.php\/polityka-prywatnosci\/#breadcrumb","itemListElement":[{"@type":"ListItem","position":1,"name":"Strona g\u0142\u00f3wna","item":"https:\/\/www.outsourcing-iod.pl\/"},{"@type":"ListItem","position":2,"name":"Polityka prywatno\u015bci"}]},{"@type":"WebSite","@id":"https:\/\/www.outsourcing-iod.pl\/#website","url":"https:\/\/www.outsourcing-iod.pl\/","name":"Outsourcing IOD Inspektor Ochrony Danych","description":"Pe\u0142nimy zewn\u0119trzn\u0105 funkcj\u0119 inspektora ochrony danych","publisher":{"@id":"https:\/\/www.outsourcing-iod.pl\/#organization"},"potentialAction":[{"@type":"SearchAction","target":{"@type":"EntryPoint","urlTemplate":"https:\/\/www.outsourcing-iod.pl\/?s={search_term_string}"},"query-input":"required name=search_term_string"}],"inLanguage":"pl-PL"},{"@type":"Organization","@id":"https:\/\/www.outsourcing-iod.pl\/#organization","name":"Outsourcing IOD Inspektor Ochrony Danych","url":"https:\/\/www.outsourcing-iod.pl\/","logo":{"@type":"ImageObject","inLanguage":"pl-PL","@id":"https:\/\/www.outsourcing-iod.pl\/#\/schema\/logo\/image\/","url":"https:\/\/www.outsourcing-iod.pl\/wp-content\/uploads\/2023\/03\/logo.png","contentUrl":"https:\/\/www.outsourcing-iod.pl\/wp-content\/uploads\/2023\/03\/logo.png","width":300,"height":200,"caption":"Outsourcing IOD Inspektor Ochrony Danych"},"image":{"@id":"https:\/\/www.outsourcing-iod.pl\/#\/schema\/logo\/image\/"},"sameAs":["https:\/\/www.facebook.com\/firma.nformatyczna"]}]}},"_links":{"self":[{"href":"https:\/\/www.outsourcing-iod.pl\/index.php\/wp-json\/wp\/v2\/pages\/303"}],"collection":[{"href":"https:\/\/www.outsourcing-iod.pl\/index.php\/wp-json\/wp\/v2\/pages"}],"about":[{"href":"https:\/\/www.outsourcing-iod.pl\/index.php\/wp-json\/wp\/v2\/types\/page"}],"author":[{"embeddable":true,"href":"https:\/\/www.outsourcing-iod.pl\/index.php\/wp-json\/wp\/v2\/users\/1"}],"replies":[{"embeddable":true,"href":"https:\/\/www.outsourcing-iod.pl\/index.php\/wp-json\/wp\/v2\/comments?post=303"}],"version-history":[{"count":7,"href":"https:\/\/www.outsourcing-iod.pl\/index.php\/wp-json\/wp\/v2\/pages\/303\/revisions"}],"predecessor-version":[{"id":819,"href":"https:\/\/www.outsourcing-iod.pl\/index.php\/wp-json\/wp\/v2\/pages\/303\/revisions\/819"}],"wp:attachment":[{"href":"https:\/\/www.outsourcing-iod.pl\/index.php\/wp-json\/wp\/v2\/media?parent=303"}],"wp:term":[{"taxonomy":"category","embeddable":true,"href":"https:\/\/www.outsourcing-iod.pl\/index.php\/wp-json\/wp\/v2\/categories?post=303"},{"taxonomy":"post_tag","embeddable":true,"href":"https:\/\/www.outsourcing-iod.pl\/index.php\/wp-json\/wp\/v2\/tags?post=303"}],"curies":[{"name":"wp","href":"https:\/\/api.w.org\/{rel}","templated":true}]}}