{"id":395,"date":"2020-11-18T13:03:08","date_gmt":"2020-11-18T12:03:08","guid":{"rendered":"https:\/\/www.outsourcing-iod.pl\/?page_id=395"},"modified":"2024-04-24T11:02:36","modified_gmt":"2024-04-24T09:02:36","slug":"sylwester-krawczyk","status":"publish","type":"page","link":"https:\/\/www.outsourcing-iod.pl\/index.php\/sylwester-krawczyk\/","title":{"rendered":"Sylwester Krawczyk"},"content":{"rendered":"<p><img decoding=\"async\" loading=\"lazy\" class=\"size-medium wp-image-31 alignnone alignleft\" src=\"https:\/\/www.outsourcing-iod.pl\/wp-content\/uploads\/2017\/11\/sylwek-272x300.jpg\" alt=\"\" width=\"272\" height=\"300\" \/>Absolwent Uniwersytetu \u0141\u00f3dzkiego na kierunku ,,Ochrona danych osobowych\u201d oraz in\u017cynier informatyki zdobywaj\u0105cy wiedz\u0119 na Politechnice Pozna\u0144skiej w zakresie zarz\u0105dzania produkcj\u0105 i logistyk\u0105. Od 2007 r. zajmuje si\u0119 problematyk\u0105 zwi\u0105zan\u0105 z ochron\u0105 danych osobowych. Cz\u0142onek Stowarzyszenia Inspektor\u00f3w Ochrony Danych oraz Praktyk\u00f3w Ochrony Danych. Posiada wieloletnie do\u015bwiadczenie na stanowisku Administratora Bezpiecze\u0144stwa Informacji oraz Inspektora Ochrony Danych w sektorze publicznym i prywatnym.\u00a0 Auditor Wewn\u0119trzny systemu zarz\u0105dzania bezpiecze\u0144stwem informacji wg ISO 27001. Specjalista z zakresu zarz\u0105dzania ryzykiem w systemach bezpiecze\u0144stwa informacji zgodnym z ISO\/IEC 27005:2022. Zrealizowa\u0142 z powodzeniem kilkadziesi\u0105t projekt\u00f3w z zakresu dostosowywania i wdra\u017cania firm i instytucji publicznych do wymog\u00f3w zgodnych z ochron\u0105 danych osobowych. Jest tw\u00f3rc\u0105 system\u00f3w zabezpiecze\u0144 w oparciu o dost\u0119pne rozwi\u0105zania komercyjne oraz opensource. Pe\u0142ni\u0142 funkcj\u0119 kierownika dzia\u0142u IT w du\u017cej firmie \u015bwiadcz\u0105cej us\u0142ugi dla marketingu bezpo\u015bredniego. Prywatnie pasjonat dobrej ksi\u0105\u017cki, nauki i podr\u00f3\u017cy.<\/p>\n","protected":false},"excerpt":{"rendered":"<p>Absolwent Uniwersytetu \u0141\u00f3dzkiego na kierunku ,,Ochrona danych osobowych\u201d oraz in\u017cynier informatyki zdobywaj\u0105cy wiedz\u0119 na Politechnice Pozna\u0144skiej w zakresie zarz\u0105dzania produkcj\u0105 i logistyk\u0105. Od 2007 r. zajmuje si\u0119 problematyk\u0105 zwi\u0105zan\u0105 z ochron\u0105 danych osobowych. Cz\u0142onek Stowarzyszenia Inspektor\u00f3w Ochrony Danych oraz Praktyk\u00f3w Ochrony Danych. Posiada wieloletnie do\u015bwiadczenie na stanowisku Administratora Bezpiecze\u0144stwa Informacji oraz Inspektora Ochrony Danych w<a href=\"https:\/\/www.outsourcing-iod.pl\/index.php\/sylwester-krawczyk\/\">[&#8230;]<\/a><\/p>\n","protected":false},"author":1,"featured_media":0,"parent":0,"menu_order":0,"comment_status":"closed","ping_status":"closed","template":"template-fullwidth.php","meta":[],"categories":[],"tags":[],"yoast_head":"<!-- This site is optimized with the Yoast SEO plugin v20.2.1 - https:\/\/yoast.com\/wordpress\/plugins\/seo\/ -->\n<title>Sylwester Krawczyk - Outsourcing IOD Inspektor Ochrony Danych<\/title>\n<meta name=\"robots\" content=\"index, follow, max-snippet:-1, max-image-preview:large, max-video-preview:-1\" \/>\n<link rel=\"canonical\" href=\"https:\/\/www.outsourcing-iod.pl\/index.php\/sylwester-krawczyk\/\" \/>\n<meta property=\"og:locale\" content=\"pl_PL\" \/>\n<meta property=\"og:type\" content=\"article\" \/>\n<meta property=\"og:title\" content=\"Sylwester Krawczyk - Outsourcing IOD Inspektor Ochrony Danych\" \/>\n<meta property=\"og:description\" content=\"Absolwent Uniwersytetu \u0141\u00f3dzkiego na kierunku ,,Ochrona danych osobowych\u201d oraz in\u017cynier informatyki zdobywaj\u0105cy wiedz\u0119 na Politechnice Pozna\u0144skiej w zakresie zarz\u0105dzania produkcj\u0105 i logistyk\u0105. Od 2007 r. zajmuje si\u0119 problematyk\u0105 zwi\u0105zan\u0105 z ochron\u0105 danych osobowych. Cz\u0142onek Stowarzyszenia Inspektor\u00f3w Ochrony Danych oraz Praktyk\u00f3w Ochrony Danych. Posiada wieloletnie do\u015bwiadczenie na stanowisku Administratora Bezpiecze\u0144stwa Informacji oraz Inspektora Ochrony Danych w[...]\" \/>\n<meta property=\"og:url\" content=\"https:\/\/www.outsourcing-iod.pl\/index.php\/sylwester-krawczyk\/\" \/>\n<meta property=\"og:site_name\" content=\"Outsourcing IOD Inspektor Ochrony Danych\" \/>\n<meta property=\"article:publisher\" content=\"https:\/\/www.facebook.com\/firma.nformatyczna\" \/>\n<meta property=\"article:modified_time\" content=\"2024-04-24T09:02:36+00:00\" \/>\n<meta property=\"og:image\" content=\"https:\/\/www.outsourcing-iod.pl\/wp-content\/uploads\/2017\/11\/sylwek-272x300.jpg\" \/>\n<meta name=\"twitter:card\" content=\"summary_large_image\" \/>\n<meta name=\"twitter:label1\" content=\"Szacowany czas czytania\" \/>\n\t<meta name=\"twitter:data1\" content=\"2 minuty\" \/>\n<script type=\"application\/ld+json\" class=\"yoast-schema-graph\">{\"@context\":\"https:\/\/schema.org\",\"@graph\":[{\"@type\":\"WebPage\",\"@id\":\"https:\/\/www.outsourcing-iod.pl\/index.php\/sylwester-krawczyk\/\",\"url\":\"https:\/\/www.outsourcing-iod.pl\/index.php\/sylwester-krawczyk\/\",\"name\":\"Sylwester Krawczyk - Outsourcing IOD Inspektor Ochrony Danych\",\"isPartOf\":{\"@id\":\"https:\/\/www.outsourcing-iod.pl\/#website\"},\"datePublished\":\"2020-11-18T12:03:08+00:00\",\"dateModified\":\"2024-04-24T09:02:36+00:00\",\"breadcrumb\":{\"@id\":\"https:\/\/www.outsourcing-iod.pl\/index.php\/sylwester-krawczyk\/#breadcrumb\"},\"inLanguage\":\"pl-PL\",\"potentialAction\":[{\"@type\":\"ReadAction\",\"target\":[\"https:\/\/www.outsourcing-iod.pl\/index.php\/sylwester-krawczyk\/\"]}]},{\"@type\":\"BreadcrumbList\",\"@id\":\"https:\/\/www.outsourcing-iod.pl\/index.php\/sylwester-krawczyk\/#breadcrumb\",\"itemListElement\":[{\"@type\":\"ListItem\",\"position\":1,\"name\":\"Strona g\u0142\u00f3wna\",\"item\":\"https:\/\/www.outsourcing-iod.pl\/\"},{\"@type\":\"ListItem\",\"position\":2,\"name\":\"Sylwester Krawczyk\"}]},{\"@type\":\"WebSite\",\"@id\":\"https:\/\/www.outsourcing-iod.pl\/#website\",\"url\":\"https:\/\/www.outsourcing-iod.pl\/\",\"name\":\"Outsourcing IOD Inspektor Ochrony Danych\",\"description\":\"Pe\u0142nimy zewn\u0119trzn\u0105 funkcj\u0119 inspektora ochrony danych\",\"publisher\":{\"@id\":\"https:\/\/www.outsourcing-iod.pl\/#organization\"},\"potentialAction\":[{\"@type\":\"SearchAction\",\"target\":{\"@type\":\"EntryPoint\",\"urlTemplate\":\"https:\/\/www.outsourcing-iod.pl\/?s={search_term_string}\"},\"query-input\":\"required name=search_term_string\"}],\"inLanguage\":\"pl-PL\"},{\"@type\":\"Organization\",\"@id\":\"https:\/\/www.outsourcing-iod.pl\/#organization\",\"name\":\"Outsourcing IOD Inspektor Ochrony Danych\",\"url\":\"https:\/\/www.outsourcing-iod.pl\/\",\"logo\":{\"@type\":\"ImageObject\",\"inLanguage\":\"pl-PL\",\"@id\":\"https:\/\/www.outsourcing-iod.pl\/#\/schema\/logo\/image\/\",\"url\":\"https:\/\/www.outsourcing-iod.pl\/wp-content\/uploads\/2023\/03\/logo.png\",\"contentUrl\":\"https:\/\/www.outsourcing-iod.pl\/wp-content\/uploads\/2023\/03\/logo.png\",\"width\":300,\"height\":200,\"caption\":\"Outsourcing IOD Inspektor Ochrony Danych\"},\"image\":{\"@id\":\"https:\/\/www.outsourcing-iod.pl\/#\/schema\/logo\/image\/\"},\"sameAs\":[\"https:\/\/www.facebook.com\/firma.nformatyczna\"]}]}<\/script>\n<!-- \/ Yoast SEO plugin. -->","yoast_head_json":{"title":"Sylwester Krawczyk - Outsourcing IOD Inspektor Ochrony Danych","robots":{"index":"index","follow":"follow","max-snippet":"max-snippet:-1","max-image-preview":"max-image-preview:large","max-video-preview":"max-video-preview:-1"},"canonical":"https:\/\/www.outsourcing-iod.pl\/index.php\/sylwester-krawczyk\/","og_locale":"pl_PL","og_type":"article","og_title":"Sylwester Krawczyk - Outsourcing IOD Inspektor Ochrony Danych","og_description":"Absolwent Uniwersytetu \u0141\u00f3dzkiego na kierunku ,,Ochrona danych osobowych\u201d oraz in\u017cynier informatyki zdobywaj\u0105cy wiedz\u0119 na Politechnice Pozna\u0144skiej w zakresie zarz\u0105dzania produkcj\u0105 i logistyk\u0105. Od 2007 r. zajmuje si\u0119 problematyk\u0105 zwi\u0105zan\u0105 z ochron\u0105 danych osobowych. Cz\u0142onek Stowarzyszenia Inspektor\u00f3w Ochrony Danych oraz Praktyk\u00f3w Ochrony Danych. Posiada wieloletnie do\u015bwiadczenie na stanowisku Administratora Bezpiecze\u0144stwa Informacji oraz Inspektora Ochrony Danych w[...]","og_url":"https:\/\/www.outsourcing-iod.pl\/index.php\/sylwester-krawczyk\/","og_site_name":"Outsourcing IOD Inspektor Ochrony Danych","article_publisher":"https:\/\/www.facebook.com\/firma.nformatyczna","article_modified_time":"2024-04-24T09:02:36+00:00","og_image":[{"url":"https:\/\/www.outsourcing-iod.pl\/wp-content\/uploads\/2017\/11\/sylwek-272x300.jpg"}],"twitter_card":"summary_large_image","twitter_misc":{"Szacowany czas czytania":"2 minuty"},"schema":{"@context":"https:\/\/schema.org","@graph":[{"@type":"WebPage","@id":"https:\/\/www.outsourcing-iod.pl\/index.php\/sylwester-krawczyk\/","url":"https:\/\/www.outsourcing-iod.pl\/index.php\/sylwester-krawczyk\/","name":"Sylwester Krawczyk - Outsourcing IOD Inspektor Ochrony Danych","isPartOf":{"@id":"https:\/\/www.outsourcing-iod.pl\/#website"},"datePublished":"2020-11-18T12:03:08+00:00","dateModified":"2024-04-24T09:02:36+00:00","breadcrumb":{"@id":"https:\/\/www.outsourcing-iod.pl\/index.php\/sylwester-krawczyk\/#breadcrumb"},"inLanguage":"pl-PL","potentialAction":[{"@type":"ReadAction","target":["https:\/\/www.outsourcing-iod.pl\/index.php\/sylwester-krawczyk\/"]}]},{"@type":"BreadcrumbList","@id":"https:\/\/www.outsourcing-iod.pl\/index.php\/sylwester-krawczyk\/#breadcrumb","itemListElement":[{"@type":"ListItem","position":1,"name":"Strona g\u0142\u00f3wna","item":"https:\/\/www.outsourcing-iod.pl\/"},{"@type":"ListItem","position":2,"name":"Sylwester Krawczyk"}]},{"@type":"WebSite","@id":"https:\/\/www.outsourcing-iod.pl\/#website","url":"https:\/\/www.outsourcing-iod.pl\/","name":"Outsourcing IOD Inspektor Ochrony Danych","description":"Pe\u0142nimy zewn\u0119trzn\u0105 funkcj\u0119 inspektora ochrony danych","publisher":{"@id":"https:\/\/www.outsourcing-iod.pl\/#organization"},"potentialAction":[{"@type":"SearchAction","target":{"@type":"EntryPoint","urlTemplate":"https:\/\/www.outsourcing-iod.pl\/?s={search_term_string}"},"query-input":"required name=search_term_string"}],"inLanguage":"pl-PL"},{"@type":"Organization","@id":"https:\/\/www.outsourcing-iod.pl\/#organization","name":"Outsourcing IOD Inspektor Ochrony Danych","url":"https:\/\/www.outsourcing-iod.pl\/","logo":{"@type":"ImageObject","inLanguage":"pl-PL","@id":"https:\/\/www.outsourcing-iod.pl\/#\/schema\/logo\/image\/","url":"https:\/\/www.outsourcing-iod.pl\/wp-content\/uploads\/2023\/03\/logo.png","contentUrl":"https:\/\/www.outsourcing-iod.pl\/wp-content\/uploads\/2023\/03\/logo.png","width":300,"height":200,"caption":"Outsourcing IOD Inspektor Ochrony Danych"},"image":{"@id":"https:\/\/www.outsourcing-iod.pl\/#\/schema\/logo\/image\/"},"sameAs":["https:\/\/www.facebook.com\/firma.nformatyczna"]}]}},"_links":{"self":[{"href":"https:\/\/www.outsourcing-iod.pl\/index.php\/wp-json\/wp\/v2\/pages\/395"}],"collection":[{"href":"https:\/\/www.outsourcing-iod.pl\/index.php\/wp-json\/wp\/v2\/pages"}],"about":[{"href":"https:\/\/www.outsourcing-iod.pl\/index.php\/wp-json\/wp\/v2\/types\/page"}],"author":[{"embeddable":true,"href":"https:\/\/www.outsourcing-iod.pl\/index.php\/wp-json\/wp\/v2\/users\/1"}],"replies":[{"embeddable":true,"href":"https:\/\/www.outsourcing-iod.pl\/index.php\/wp-json\/wp\/v2\/comments?post=395"}],"version-history":[{"count":5,"href":"https:\/\/www.outsourcing-iod.pl\/index.php\/wp-json\/wp\/v2\/pages\/395\/revisions"}],"predecessor-version":[{"id":812,"href":"https:\/\/www.outsourcing-iod.pl\/index.php\/wp-json\/wp\/v2\/pages\/395\/revisions\/812"}],"wp:attachment":[{"href":"https:\/\/www.outsourcing-iod.pl\/index.php\/wp-json\/wp\/v2\/media?parent=395"}],"wp:term":[{"taxonomy":"category","embeddable":true,"href":"https:\/\/www.outsourcing-iod.pl\/index.php\/wp-json\/wp\/v2\/categories?post=395"},{"taxonomy":"post_tag","embeddable":true,"href":"https:\/\/www.outsourcing-iod.pl\/index.php\/wp-json\/wp\/v2\/tags?post=395"}],"curies":[{"name":"wp","href":"https:\/\/api.w.org\/{rel}","templated":true}]}}