{"id":409,"date":"2020-11-19T09:16:23","date_gmt":"2020-11-19T08:16:23","guid":{"rendered":"https:\/\/www.outsourcing-iod.pl\/?page_id=409"},"modified":"2023-07-25T14:53:34","modified_gmt":"2023-07-25T12:53:34","slug":"dominika-makowska","status":"publish","type":"page","link":"https:\/\/www.outsourcing-iod.pl\/index.php\/dominika-makowska\/","title":{"rendered":"Dominika Makowska"},"content":{"rendered":"<p><img decoding=\"async\" loading=\"lazy\" class=\"alignleft size-full wp-image-30\" src=\"https:\/\/www.outsourcing-iod.pl\/wp-content\/uploads\/2017\/11\/dominika.jpg\" alt=\"\" width=\"200\" height=\"199\" srcset=\"https:\/\/www.outsourcing-iod.pl\/wp-content\/uploads\/2017\/11\/dominika.jpg 200w, https:\/\/www.outsourcing-iod.pl\/wp-content\/uploads\/2017\/11\/dominika-150x150.jpg 150w, https:\/\/www.outsourcing-iod.pl\/wp-content\/uploads\/2017\/11\/dominika-174x174.jpg 174w\" sizes=\"(max-width: 200px) 100vw, 200px\" \/>Absolwentka kierunku zarz\u0105dzanie, specjalistka w dziedzinie prawa ochrony danych osobowych. Zajmuje si\u0119 zagadnieniami zwi\u0105zanymi z ochron\u0105 danych ju\u017c od blisko 10 lat, stale poszerzaj\u0105c swoj\u0105 wiedz\u0119. Szkoleniowiec z du\u017cym do\u015bwiadczeniem, na swoim koncie ma dziesi\u0105tki fachowo i merytorycznie przeprowadzonych szkole\u0144. Uczestniczka wielu konwent\u00f3w, szkole\u0144 oraz webinari\u00f3w. W jej sferze zainteresowa\u0144, szczeg\u00f3lne miejsce zajmuje prawo do informacji publicznej w kontek\u015bcie udost\u0119pnienia danych osobowych oraz zagadnienia zwi\u0105zane z otwartymi danymi.<\/p>\n","protected":false},"excerpt":{"rendered":"<p>Absolwentka kierunku zarz\u0105dzanie, specjalistka w dziedzinie prawa ochrony danych osobowych. Zajmuje si\u0119 zagadnieniami zwi\u0105zanymi z ochron\u0105 danych ju\u017c od blisko 10 lat, stale poszerzaj\u0105c swoj\u0105 wiedz\u0119. Szkoleniowiec z du\u017cym do\u015bwiadczeniem, na swoim koncie ma dziesi\u0105tki fachowo i merytorycznie przeprowadzonych szkole\u0144. Uczestniczka wielu konwent\u00f3w, szkole\u0144 oraz webinari\u00f3w. W jej sferze zainteresowa\u0144, szczeg\u00f3lne miejsce zajmuje prawo do<a href=\"https:\/\/www.outsourcing-iod.pl\/index.php\/dominika-makowska\/\">[&#8230;]<\/a><\/p>\n","protected":false},"author":1,"featured_media":0,"parent":0,"menu_order":0,"comment_status":"closed","ping_status":"closed","template":"template-fullwidth.php","meta":[],"categories":[],"tags":[],"yoast_head":"<!-- This site is optimized with the Yoast SEO plugin v20.2.1 - https:\/\/yoast.com\/wordpress\/plugins\/seo\/ -->\n<title>Dominika Makowska - Outsourcing IOD Inspektor Ochrony Danych<\/title>\n<meta name=\"robots\" content=\"index, follow, max-snippet:-1, max-image-preview:large, max-video-preview:-1\" \/>\n<link rel=\"canonical\" href=\"https:\/\/www.outsourcing-iod.pl\/index.php\/dominika-makowska\/\" \/>\n<meta property=\"og:locale\" content=\"pl_PL\" \/>\n<meta property=\"og:type\" content=\"article\" \/>\n<meta property=\"og:title\" content=\"Dominika Makowska - Outsourcing IOD Inspektor Ochrony Danych\" \/>\n<meta property=\"og:description\" content=\"Absolwentka kierunku zarz\u0105dzanie, specjalistka w dziedzinie prawa ochrony danych osobowych. Zajmuje si\u0119 zagadnieniami zwi\u0105zanymi z ochron\u0105 danych ju\u017c od blisko 10 lat, stale poszerzaj\u0105c swoj\u0105 wiedz\u0119. Szkoleniowiec z du\u017cym do\u015bwiadczeniem, na swoim koncie ma dziesi\u0105tki fachowo i merytorycznie przeprowadzonych szkole\u0144. Uczestniczka wielu konwent\u00f3w, szkole\u0144 oraz webinari\u00f3w. W jej sferze zainteresowa\u0144, szczeg\u00f3lne miejsce zajmuje prawo do[...]\" \/>\n<meta property=\"og:url\" content=\"https:\/\/www.outsourcing-iod.pl\/index.php\/dominika-makowska\/\" \/>\n<meta property=\"og:site_name\" content=\"Outsourcing IOD Inspektor Ochrony Danych\" \/>\n<meta property=\"article:publisher\" content=\"https:\/\/www.facebook.com\/firma.nformatyczna\" \/>\n<meta property=\"article:modified_time\" content=\"2023-07-25T12:53:34+00:00\" \/>\n<meta property=\"og:image\" content=\"https:\/\/www.outsourcing-iod.pl\/wp-content\/uploads\/2017\/11\/dominika.jpg\" \/>\n<meta name=\"twitter:card\" content=\"summary_large_image\" \/>\n<meta name=\"twitter:label1\" content=\"Szacowany czas czytania\" \/>\n\t<meta name=\"twitter:data1\" content=\"1 minuta\" \/>\n<script type=\"application\/ld+json\" class=\"yoast-schema-graph\">{\"@context\":\"https:\/\/schema.org\",\"@graph\":[{\"@type\":\"WebPage\",\"@id\":\"https:\/\/www.outsourcing-iod.pl\/index.php\/dominika-makowska\/\",\"url\":\"https:\/\/www.outsourcing-iod.pl\/index.php\/dominika-makowska\/\",\"name\":\"Dominika Makowska - Outsourcing IOD Inspektor Ochrony Danych\",\"isPartOf\":{\"@id\":\"https:\/\/www.outsourcing-iod.pl\/#website\"},\"datePublished\":\"2020-11-19T08:16:23+00:00\",\"dateModified\":\"2023-07-25T12:53:34+00:00\",\"breadcrumb\":{\"@id\":\"https:\/\/www.outsourcing-iod.pl\/index.php\/dominika-makowska\/#breadcrumb\"},\"inLanguage\":\"pl-PL\",\"potentialAction\":[{\"@type\":\"ReadAction\",\"target\":[\"https:\/\/www.outsourcing-iod.pl\/index.php\/dominika-makowska\/\"]}]},{\"@type\":\"BreadcrumbList\",\"@id\":\"https:\/\/www.outsourcing-iod.pl\/index.php\/dominika-makowska\/#breadcrumb\",\"itemListElement\":[{\"@type\":\"ListItem\",\"position\":1,\"name\":\"Strona g\u0142\u00f3wna\",\"item\":\"https:\/\/www.outsourcing-iod.pl\/\"},{\"@type\":\"ListItem\",\"position\":2,\"name\":\"Dominika Makowska\"}]},{\"@type\":\"WebSite\",\"@id\":\"https:\/\/www.outsourcing-iod.pl\/#website\",\"url\":\"https:\/\/www.outsourcing-iod.pl\/\",\"name\":\"Outsourcing IOD Inspektor Ochrony Danych\",\"description\":\"Pe\u0142nimy zewn\u0119trzn\u0105 funkcj\u0119 inspektora ochrony danych\",\"publisher\":{\"@id\":\"https:\/\/www.outsourcing-iod.pl\/#organization\"},\"potentialAction\":[{\"@type\":\"SearchAction\",\"target\":{\"@type\":\"EntryPoint\",\"urlTemplate\":\"https:\/\/www.outsourcing-iod.pl\/?s={search_term_string}\"},\"query-input\":\"required name=search_term_string\"}],\"inLanguage\":\"pl-PL\"},{\"@type\":\"Organization\",\"@id\":\"https:\/\/www.outsourcing-iod.pl\/#organization\",\"name\":\"Outsourcing IOD Inspektor Ochrony Danych\",\"url\":\"https:\/\/www.outsourcing-iod.pl\/\",\"logo\":{\"@type\":\"ImageObject\",\"inLanguage\":\"pl-PL\",\"@id\":\"https:\/\/www.outsourcing-iod.pl\/#\/schema\/logo\/image\/\",\"url\":\"https:\/\/www.outsourcing-iod.pl\/wp-content\/uploads\/2023\/03\/logo.png\",\"contentUrl\":\"https:\/\/www.outsourcing-iod.pl\/wp-content\/uploads\/2023\/03\/logo.png\",\"width\":300,\"height\":200,\"caption\":\"Outsourcing IOD Inspektor Ochrony Danych\"},\"image\":{\"@id\":\"https:\/\/www.outsourcing-iod.pl\/#\/schema\/logo\/image\/\"},\"sameAs\":[\"https:\/\/www.facebook.com\/firma.nformatyczna\"]}]}<\/script>\n<!-- \/ Yoast SEO plugin. -->","yoast_head_json":{"title":"Dominika Makowska - Outsourcing IOD Inspektor Ochrony Danych","robots":{"index":"index","follow":"follow","max-snippet":"max-snippet:-1","max-image-preview":"max-image-preview:large","max-video-preview":"max-video-preview:-1"},"canonical":"https:\/\/www.outsourcing-iod.pl\/index.php\/dominika-makowska\/","og_locale":"pl_PL","og_type":"article","og_title":"Dominika Makowska - Outsourcing IOD Inspektor Ochrony Danych","og_description":"Absolwentka kierunku zarz\u0105dzanie, specjalistka w dziedzinie prawa ochrony danych osobowych. Zajmuje si\u0119 zagadnieniami zwi\u0105zanymi z ochron\u0105 danych ju\u017c od blisko 10 lat, stale poszerzaj\u0105c swoj\u0105 wiedz\u0119. Szkoleniowiec z du\u017cym do\u015bwiadczeniem, na swoim koncie ma dziesi\u0105tki fachowo i merytorycznie przeprowadzonych szkole\u0144. Uczestniczka wielu konwent\u00f3w, szkole\u0144 oraz webinari\u00f3w. W jej sferze zainteresowa\u0144, szczeg\u00f3lne miejsce zajmuje prawo do[...]","og_url":"https:\/\/www.outsourcing-iod.pl\/index.php\/dominika-makowska\/","og_site_name":"Outsourcing IOD Inspektor Ochrony Danych","article_publisher":"https:\/\/www.facebook.com\/firma.nformatyczna","article_modified_time":"2023-07-25T12:53:34+00:00","og_image":[{"url":"https:\/\/www.outsourcing-iod.pl\/wp-content\/uploads\/2017\/11\/dominika.jpg"}],"twitter_card":"summary_large_image","twitter_misc":{"Szacowany czas czytania":"1 minuta"},"schema":{"@context":"https:\/\/schema.org","@graph":[{"@type":"WebPage","@id":"https:\/\/www.outsourcing-iod.pl\/index.php\/dominika-makowska\/","url":"https:\/\/www.outsourcing-iod.pl\/index.php\/dominika-makowska\/","name":"Dominika Makowska - Outsourcing IOD Inspektor Ochrony Danych","isPartOf":{"@id":"https:\/\/www.outsourcing-iod.pl\/#website"},"datePublished":"2020-11-19T08:16:23+00:00","dateModified":"2023-07-25T12:53:34+00:00","breadcrumb":{"@id":"https:\/\/www.outsourcing-iod.pl\/index.php\/dominika-makowska\/#breadcrumb"},"inLanguage":"pl-PL","potentialAction":[{"@type":"ReadAction","target":["https:\/\/www.outsourcing-iod.pl\/index.php\/dominika-makowska\/"]}]},{"@type":"BreadcrumbList","@id":"https:\/\/www.outsourcing-iod.pl\/index.php\/dominika-makowska\/#breadcrumb","itemListElement":[{"@type":"ListItem","position":1,"name":"Strona g\u0142\u00f3wna","item":"https:\/\/www.outsourcing-iod.pl\/"},{"@type":"ListItem","position":2,"name":"Dominika Makowska"}]},{"@type":"WebSite","@id":"https:\/\/www.outsourcing-iod.pl\/#website","url":"https:\/\/www.outsourcing-iod.pl\/","name":"Outsourcing IOD Inspektor Ochrony Danych","description":"Pe\u0142nimy zewn\u0119trzn\u0105 funkcj\u0119 inspektora ochrony danych","publisher":{"@id":"https:\/\/www.outsourcing-iod.pl\/#organization"},"potentialAction":[{"@type":"SearchAction","target":{"@type":"EntryPoint","urlTemplate":"https:\/\/www.outsourcing-iod.pl\/?s={search_term_string}"},"query-input":"required name=search_term_string"}],"inLanguage":"pl-PL"},{"@type":"Organization","@id":"https:\/\/www.outsourcing-iod.pl\/#organization","name":"Outsourcing IOD Inspektor Ochrony Danych","url":"https:\/\/www.outsourcing-iod.pl\/","logo":{"@type":"ImageObject","inLanguage":"pl-PL","@id":"https:\/\/www.outsourcing-iod.pl\/#\/schema\/logo\/image\/","url":"https:\/\/www.outsourcing-iod.pl\/wp-content\/uploads\/2023\/03\/logo.png","contentUrl":"https:\/\/www.outsourcing-iod.pl\/wp-content\/uploads\/2023\/03\/logo.png","width":300,"height":200,"caption":"Outsourcing IOD Inspektor Ochrony Danych"},"image":{"@id":"https:\/\/www.outsourcing-iod.pl\/#\/schema\/logo\/image\/"},"sameAs":["https:\/\/www.facebook.com\/firma.nformatyczna"]}]}},"_links":{"self":[{"href":"https:\/\/www.outsourcing-iod.pl\/index.php\/wp-json\/wp\/v2\/pages\/409"}],"collection":[{"href":"https:\/\/www.outsourcing-iod.pl\/index.php\/wp-json\/wp\/v2\/pages"}],"about":[{"href":"https:\/\/www.outsourcing-iod.pl\/index.php\/wp-json\/wp\/v2\/types\/page"}],"author":[{"embeddable":true,"href":"https:\/\/www.outsourcing-iod.pl\/index.php\/wp-json\/wp\/v2\/users\/1"}],"replies":[{"embeddable":true,"href":"https:\/\/www.outsourcing-iod.pl\/index.php\/wp-json\/wp\/v2\/comments?post=409"}],"version-history":[{"count":5,"href":"https:\/\/www.outsourcing-iod.pl\/index.php\/wp-json\/wp\/v2\/pages\/409\/revisions"}],"predecessor-version":[{"id":769,"href":"https:\/\/www.outsourcing-iod.pl\/index.php\/wp-json\/wp\/v2\/pages\/409\/revisions\/769"}],"wp:attachment":[{"href":"https:\/\/www.outsourcing-iod.pl\/index.php\/wp-json\/wp\/v2\/media?parent=409"}],"wp:term":[{"taxonomy":"category","embeddable":true,"href":"https:\/\/www.outsourcing-iod.pl\/index.php\/wp-json\/wp\/v2\/categories?post=409"},{"taxonomy":"post_tag","embeddable":true,"href":"https:\/\/www.outsourcing-iod.pl\/index.php\/wp-json\/wp\/v2\/tags?post=409"}],"curies":[{"name":"wp","href":"https:\/\/api.w.org\/{rel}","templated":true}]}}