{"id":424,"date":"2021-09-14T12:36:35","date_gmt":"2021-09-14T10:36:35","guid":{"rendered":"https:\/\/www.outsourcing-iod.pl\/?page_id=424"},"modified":"2023-07-25T14:35:53","modified_gmt":"2023-07-25T12:35:53","slug":"anita-kaluzna","status":"publish","type":"page","link":"https:\/\/www.outsourcing-iod.pl\/index.php\/anita-kaluzna\/","title":{"rendered":"Anita Ka\u0142u\u017cna"},"content":{"rendered":"<p>Absolwentka Wydzia\u0142u Prawa i Administracji Uniwersytetu \u0141\u00f3dzkiego, administratywista, specjalista z zakresu prawa administracyjnego, zajmuje si\u0119 zagadnieniami z zakresu ochrony danych osobowych, dostosowywaniem do obowi\u0105zuj\u0105cych wymog\u00f3w, przeprowadzaniem audyt\u00f3w oraz szkole\u0144. Audytor bezpiecze\u0144stwa informacji (KRI) oraz Inspektor Ochrony Danych w firmie SK admin.<\/p>\n","protected":false},"excerpt":{"rendered":"<p>Absolwentka Wydzia\u0142u Prawa i Administracji Uniwersytetu \u0141\u00f3dzkiego, administratywista, specjalista z zakresu prawa administracyjnego, zajmuje si\u0119 zagadnieniami z zakresu ochrony danych osobowych, dostosowywaniem do obowi\u0105zuj\u0105cych wymog\u00f3w, przeprowadzaniem audyt\u00f3w oraz szkole\u0144. Audytor bezpiecze\u0144stwa informacji (KRI) oraz Inspektor Ochrony Danych w firmie SK admin.<\/p>\n","protected":false},"author":1,"featured_media":0,"parent":0,"menu_order":0,"comment_status":"closed","ping_status":"closed","template":"template-fullwidth.php","meta":[],"categories":[],"tags":[],"yoast_head":"<!-- This site is optimized with the Yoast SEO plugin v20.2.1 - https:\/\/yoast.com\/wordpress\/plugins\/seo\/ -->\n<title>Anita Ka\u0142u\u017cna - Outsourcing IOD Inspektor Ochrony Danych<\/title>\n<meta name=\"robots\" content=\"index, follow, max-snippet:-1, max-image-preview:large, max-video-preview:-1\" \/>\n<link rel=\"canonical\" href=\"https:\/\/www.outsourcing-iod.pl\/index.php\/anita-kaluzna\/\" \/>\n<meta property=\"og:locale\" content=\"pl_PL\" \/>\n<meta property=\"og:type\" content=\"article\" \/>\n<meta property=\"og:title\" content=\"Anita Ka\u0142u\u017cna - Outsourcing IOD Inspektor Ochrony Danych\" \/>\n<meta property=\"og:description\" content=\"Absolwentka Wydzia\u0142u Prawa i Administracji Uniwersytetu \u0141\u00f3dzkiego, administratywista, specjalista z zakresu prawa administracyjnego, zajmuje si\u0119 zagadnieniami z zakresu ochrony danych osobowych, dostosowywaniem do obowi\u0105zuj\u0105cych wymog\u00f3w, przeprowadzaniem audyt\u00f3w oraz szkole\u0144. Audytor bezpiecze\u0144stwa informacji (KRI) oraz Inspektor Ochrony Danych w firmie SK admin.\" \/>\n<meta property=\"og:url\" content=\"https:\/\/www.outsourcing-iod.pl\/index.php\/anita-kaluzna\/\" \/>\n<meta property=\"og:site_name\" content=\"Outsourcing IOD Inspektor Ochrony Danych\" \/>\n<meta property=\"article:publisher\" content=\"https:\/\/www.facebook.com\/firma.nformatyczna\" \/>\n<meta property=\"article:modified_time\" content=\"2023-07-25T12:35:53+00:00\" \/>\n<meta name=\"twitter:card\" content=\"summary_large_image\" \/>\n<meta name=\"twitter:label1\" content=\"Szacowany czas czytania\" \/>\n\t<meta name=\"twitter:data1\" content=\"1 minuta\" \/>\n<script type=\"application\/ld+json\" class=\"yoast-schema-graph\">{\"@context\":\"https:\/\/schema.org\",\"@graph\":[{\"@type\":\"WebPage\",\"@id\":\"https:\/\/www.outsourcing-iod.pl\/index.php\/anita-kaluzna\/\",\"url\":\"https:\/\/www.outsourcing-iod.pl\/index.php\/anita-kaluzna\/\",\"name\":\"Anita Ka\u0142u\u017cna - Outsourcing IOD Inspektor Ochrony Danych\",\"isPartOf\":{\"@id\":\"https:\/\/www.outsourcing-iod.pl\/#website\"},\"datePublished\":\"2021-09-14T10:36:35+00:00\",\"dateModified\":\"2023-07-25T12:35:53+00:00\",\"breadcrumb\":{\"@id\":\"https:\/\/www.outsourcing-iod.pl\/index.php\/anita-kaluzna\/#breadcrumb\"},\"inLanguage\":\"pl-PL\",\"potentialAction\":[{\"@type\":\"ReadAction\",\"target\":[\"https:\/\/www.outsourcing-iod.pl\/index.php\/anita-kaluzna\/\"]}]},{\"@type\":\"BreadcrumbList\",\"@id\":\"https:\/\/www.outsourcing-iod.pl\/index.php\/anita-kaluzna\/#breadcrumb\",\"itemListElement\":[{\"@type\":\"ListItem\",\"position\":1,\"name\":\"Strona g\u0142\u00f3wna\",\"item\":\"https:\/\/www.outsourcing-iod.pl\/\"},{\"@type\":\"ListItem\",\"position\":2,\"name\":\"Anita Ka\u0142u\u017cna\"}]},{\"@type\":\"WebSite\",\"@id\":\"https:\/\/www.outsourcing-iod.pl\/#website\",\"url\":\"https:\/\/www.outsourcing-iod.pl\/\",\"name\":\"Outsourcing IOD Inspektor Ochrony Danych\",\"description\":\"Pe\u0142nimy zewn\u0119trzn\u0105 funkcj\u0119 inspektora ochrony danych\",\"publisher\":{\"@id\":\"https:\/\/www.outsourcing-iod.pl\/#organization\"},\"potentialAction\":[{\"@type\":\"SearchAction\",\"target\":{\"@type\":\"EntryPoint\",\"urlTemplate\":\"https:\/\/www.outsourcing-iod.pl\/?s={search_term_string}\"},\"query-input\":\"required name=search_term_string\"}],\"inLanguage\":\"pl-PL\"},{\"@type\":\"Organization\",\"@id\":\"https:\/\/www.outsourcing-iod.pl\/#organization\",\"name\":\"Outsourcing IOD Inspektor Ochrony Danych\",\"url\":\"https:\/\/www.outsourcing-iod.pl\/\",\"logo\":{\"@type\":\"ImageObject\",\"inLanguage\":\"pl-PL\",\"@id\":\"https:\/\/www.outsourcing-iod.pl\/#\/schema\/logo\/image\/\",\"url\":\"https:\/\/www.outsourcing-iod.pl\/wp-content\/uploads\/2023\/03\/logo.png\",\"contentUrl\":\"https:\/\/www.outsourcing-iod.pl\/wp-content\/uploads\/2023\/03\/logo.png\",\"width\":300,\"height\":200,\"caption\":\"Outsourcing IOD Inspektor Ochrony Danych\"},\"image\":{\"@id\":\"https:\/\/www.outsourcing-iod.pl\/#\/schema\/logo\/image\/\"},\"sameAs\":[\"https:\/\/www.facebook.com\/firma.nformatyczna\"]}]}<\/script>\n<!-- \/ Yoast SEO plugin. -->","yoast_head_json":{"title":"Anita Ka\u0142u\u017cna - Outsourcing IOD Inspektor Ochrony Danych","robots":{"index":"index","follow":"follow","max-snippet":"max-snippet:-1","max-image-preview":"max-image-preview:large","max-video-preview":"max-video-preview:-1"},"canonical":"https:\/\/www.outsourcing-iod.pl\/index.php\/anita-kaluzna\/","og_locale":"pl_PL","og_type":"article","og_title":"Anita Ka\u0142u\u017cna - Outsourcing IOD Inspektor Ochrony Danych","og_description":"Absolwentka Wydzia\u0142u Prawa i Administracji Uniwersytetu \u0141\u00f3dzkiego, administratywista, specjalista z zakresu prawa administracyjnego, zajmuje si\u0119 zagadnieniami z zakresu ochrony danych osobowych, dostosowywaniem do obowi\u0105zuj\u0105cych wymog\u00f3w, przeprowadzaniem audyt\u00f3w oraz szkole\u0144. Audytor bezpiecze\u0144stwa informacji (KRI) oraz Inspektor Ochrony Danych w firmie SK admin.","og_url":"https:\/\/www.outsourcing-iod.pl\/index.php\/anita-kaluzna\/","og_site_name":"Outsourcing IOD Inspektor Ochrony Danych","article_publisher":"https:\/\/www.facebook.com\/firma.nformatyczna","article_modified_time":"2023-07-25T12:35:53+00:00","twitter_card":"summary_large_image","twitter_misc":{"Szacowany czas czytania":"1 minuta"},"schema":{"@context":"https:\/\/schema.org","@graph":[{"@type":"WebPage","@id":"https:\/\/www.outsourcing-iod.pl\/index.php\/anita-kaluzna\/","url":"https:\/\/www.outsourcing-iod.pl\/index.php\/anita-kaluzna\/","name":"Anita Ka\u0142u\u017cna - Outsourcing IOD Inspektor Ochrony Danych","isPartOf":{"@id":"https:\/\/www.outsourcing-iod.pl\/#website"},"datePublished":"2021-09-14T10:36:35+00:00","dateModified":"2023-07-25T12:35:53+00:00","breadcrumb":{"@id":"https:\/\/www.outsourcing-iod.pl\/index.php\/anita-kaluzna\/#breadcrumb"},"inLanguage":"pl-PL","potentialAction":[{"@type":"ReadAction","target":["https:\/\/www.outsourcing-iod.pl\/index.php\/anita-kaluzna\/"]}]},{"@type":"BreadcrumbList","@id":"https:\/\/www.outsourcing-iod.pl\/index.php\/anita-kaluzna\/#breadcrumb","itemListElement":[{"@type":"ListItem","position":1,"name":"Strona g\u0142\u00f3wna","item":"https:\/\/www.outsourcing-iod.pl\/"},{"@type":"ListItem","position":2,"name":"Anita Ka\u0142u\u017cna"}]},{"@type":"WebSite","@id":"https:\/\/www.outsourcing-iod.pl\/#website","url":"https:\/\/www.outsourcing-iod.pl\/","name":"Outsourcing IOD Inspektor Ochrony Danych","description":"Pe\u0142nimy zewn\u0119trzn\u0105 funkcj\u0119 inspektora ochrony danych","publisher":{"@id":"https:\/\/www.outsourcing-iod.pl\/#organization"},"potentialAction":[{"@type":"SearchAction","target":{"@type":"EntryPoint","urlTemplate":"https:\/\/www.outsourcing-iod.pl\/?s={search_term_string}"},"query-input":"required name=search_term_string"}],"inLanguage":"pl-PL"},{"@type":"Organization","@id":"https:\/\/www.outsourcing-iod.pl\/#organization","name":"Outsourcing IOD Inspektor Ochrony Danych","url":"https:\/\/www.outsourcing-iod.pl\/","logo":{"@type":"ImageObject","inLanguage":"pl-PL","@id":"https:\/\/www.outsourcing-iod.pl\/#\/schema\/logo\/image\/","url":"https:\/\/www.outsourcing-iod.pl\/wp-content\/uploads\/2023\/03\/logo.png","contentUrl":"https:\/\/www.outsourcing-iod.pl\/wp-content\/uploads\/2023\/03\/logo.png","width":300,"height":200,"caption":"Outsourcing IOD Inspektor Ochrony Danych"},"image":{"@id":"https:\/\/www.outsourcing-iod.pl\/#\/schema\/logo\/image\/"},"sameAs":["https:\/\/www.facebook.com\/firma.nformatyczna"]}]}},"_links":{"self":[{"href":"https:\/\/www.outsourcing-iod.pl\/index.php\/wp-json\/wp\/v2\/pages\/424"}],"collection":[{"href":"https:\/\/www.outsourcing-iod.pl\/index.php\/wp-json\/wp\/v2\/pages"}],"about":[{"href":"https:\/\/www.outsourcing-iod.pl\/index.php\/wp-json\/wp\/v2\/types\/page"}],"author":[{"embeddable":true,"href":"https:\/\/www.outsourcing-iod.pl\/index.php\/wp-json\/wp\/v2\/users\/1"}],"replies":[{"embeddable":true,"href":"https:\/\/www.outsourcing-iod.pl\/index.php\/wp-json\/wp\/v2\/comments?post=424"}],"version-history":[{"count":3,"href":"https:\/\/www.outsourcing-iod.pl\/index.php\/wp-json\/wp\/v2\/pages\/424\/revisions"}],"predecessor-version":[{"id":768,"href":"https:\/\/www.outsourcing-iod.pl\/index.php\/wp-json\/wp\/v2\/pages\/424\/revisions\/768"}],"wp:attachment":[{"href":"https:\/\/www.outsourcing-iod.pl\/index.php\/wp-json\/wp\/v2\/media?parent=424"}],"wp:term":[{"taxonomy":"category","embeddable":true,"href":"https:\/\/www.outsourcing-iod.pl\/index.php\/wp-json\/wp\/v2\/categories?post=424"},{"taxonomy":"post_tag","embeddable":true,"href":"https:\/\/www.outsourcing-iod.pl\/index.php\/wp-json\/wp\/v2\/tags?post=424"}],"curies":[{"name":"wp","href":"https:\/\/api.w.org\/{rel}","templated":true}]}}