{"id":533,"date":"2022-05-23T13:30:39","date_gmt":"2022-05-23T11:30:39","guid":{"rendered":"https:\/\/www.outsourcing-iod.pl\/?page_id=533"},"modified":"2023-03-08T13:32:17","modified_gmt":"2023-03-08T12:32:17","slug":"czy-nalezy-publikowac-dane-wyznaczonego-inspektora-ochrony-danych-na-stronie-internetowej","status":"publish","type":"page","link":"https:\/\/www.outsourcing-iod.pl\/index.php\/czy-nalezy-publikowac-dane-wyznaczonego-inspektora-ochrony-danych-na-stronie-internetowej\/","title":{"rendered":"<h1>Czy nale\u017cy publikowa\u0107 dane wyznaczonego Inspektora Ochrony Danych na stronie internetowej?<\/h1>"},"content":{"rendered":"<p>Obowi\u0105zek opublikowania na stronie internetowej danych wyznaczonego Inspektora Ochrony Danych (<i>dalej jako I<\/i><i>OD<\/i>) wynika wprost <em>z art. 11 ustawy z dnia 10 maja 2018 r. o ochronie danych osobowych<\/em>, natomiast na zakres danych podlegaj\u0105cych udost\u0119pnieniu wskazuje z kolei art. 10 ww. ustawy. W zwi\u0105zku z powy\u017cszym, podmioty, kt\u00f3re wyznaczy\u0142y Inspektora, obowi\u0105zane s\u0105 umie\u015bci\u0107 na swojej stronie internetowej <b>w miejs<\/b><b>c<\/b><b>u \u0142atwo dost\u0119pnym i widocznym<\/b>; imi\u0119 nazwisko oraz adres poczty elektronicznej lub numer telefonu Inspektora. Miejscem do tego odpowiednim s\u0105 np. zak\u0142adki, takie jak; ,,Kontakt\u201d, czy te\u017c ,,Ochrona danych osobowych\u201d. Celem takiej publikacji jest u\u0142atwienie kontaktu podmiotom danych (<i>osobom, kt\u00f3rych dane s\u0105 przetwarzane<\/i>), w sprawach dotycz\u0105cych przetwarzania ich danych osobowych.<\/p>\n<p>Co w zwi\u0105zku z tym z pomiotami, kt\u00f3re nie posiadaj\u0105 w\u0142asnej strony internetowej? Takie jednostki zobowi\u0105zane s\u0105 do zamieszczenia danych wyznaczonego <i>IOD<\/i> w miejscu prowadzenia swojej dzia\u0142alno\u015bci, przy czym miejsce to, jak wskazuje ustawa, ma cechowa\u0107 si\u0119 og\u00f3lnodost\u0119pno\u015bci\u0105.<\/p>\n<p>O spe\u0142nienie powy\u017cszego obowi\u0105zku ostatnimi czasy, dopytuje Prezes Urz\u0119du Ochrony Danych Osobowych, w wysy\u0142anych do wybranych Administrator\u00f3w pytaniach. Jedno z nich dotyczy w\u0142a\u015bnie wywi\u0105zania si\u0119 ze spe\u0142nienia obowi\u0105zku publikacji danych wyznaczonego <i>IOD<\/i>.<\/p>\n<p style=\"text-align: right;\"><a href=\"https:\/\/www.outsourcing-iod.pl\/index.php\/anita-kaluzna\/\">Anita Ka\u0142u\u017cna<\/a><br \/>\n<em>Inspektor Ochrony Danych<\/em><\/p>\n","protected":false},"excerpt":{"rendered":"<p>Obowi\u0105zek opublikowania na stronie internetowej danych wyznaczonego Inspektora Ochrony Danych (dalej jako IOD) wynika wprost z art. 11 ustawy z dnia 10 maja 2018 r. o ochronie danych osobowych, natomiast na zakres danych podlegaj\u0105cych udost\u0119pnieniu wskazuje z kolei art. 10 ww. ustawy. W zwi\u0105zku z powy\u017cszym, podmioty, kt\u00f3re wyznaczy\u0142y Inspektora, obowi\u0105zane s\u0105 umie\u015bci\u0107 na swojej<a href=\"https:\/\/www.outsourcing-iod.pl\/index.php\/czy-nalezy-publikowac-dane-wyznaczonego-inspektora-ochrony-danych-na-stronie-internetowej\/\">[&#8230;]<\/a><\/p>\n","protected":false},"author":1,"featured_media":0,"parent":0,"menu_order":0,"comment_status":"closed","ping_status":"closed","template":"","meta":[],"categories":[],"tags":[32,33],"yoast_head":"<!-- This site is optimized with the Yoast SEO plugin v20.2.1 - https:\/\/yoast.com\/wordpress\/plugins\/seo\/ -->\n<title>Czy nale\u017cy publikowa\u0107 dane wyznaczonego Inspektora Ochrony Danych na stronie internetowej?<\/title>\n<meta name=\"description\" content=\"Obowi\u0105zek opublikowania na stronie internetowej danych wyznaczonego Inspektora Ochrony Danych (dalej jako IOD) wynika wprost z ustawy (...)\" \/>\n<meta name=\"robots\" content=\"index, follow, max-snippet:-1, max-image-preview:large, max-video-preview:-1\" \/>\n<link rel=\"canonical\" href=\"https:\/\/www.outsourcing-iod.pl\/index.php\/czy-nalezy-publikowac-dane-wyznaczonego-inspektora-ochrony-danych-na-stronie-internetowej\/\" \/>\n<meta property=\"og:locale\" content=\"pl_PL\" \/>\n<meta property=\"og:type\" content=\"article\" \/>\n<meta property=\"og:title\" content=\"Czy nale\u017cy publikowa\u0107 dane wyznaczonego Inspektora Ochrony Danych na stronie internetowej?\" \/>\n<meta property=\"og:description\" content=\"Obowi\u0105zek opublikowania na stronie internetowej danych wyznaczonego Inspektora Ochrony Danych (dalej jako IOD) wynika wprost z ustawy (...)\" \/>\n<meta property=\"og:url\" content=\"https:\/\/www.outsourcing-iod.pl\/index.php\/czy-nalezy-publikowac-dane-wyznaczonego-inspektora-ochrony-danych-na-stronie-internetowej\/\" \/>\n<meta property=\"og:site_name\" content=\"Outsourcing IOD Inspektor Ochrony Danych\" \/>\n<meta property=\"article:publisher\" content=\"https:\/\/www.facebook.com\/firma.nformatyczna\" \/>\n<meta property=\"article:modified_time\" content=\"2023-03-08T12:32:17+00:00\" \/>\n<meta name=\"twitter:card\" content=\"summary_large_image\" \/>\n<meta name=\"twitter:label1\" content=\"Szacowany czas czytania\" \/>\n\t<meta name=\"twitter:data1\" content=\"2 minuty\" \/>\n<script type=\"application\/ld+json\" class=\"yoast-schema-graph\">{\"@context\":\"https:\/\/schema.org\",\"@graph\":[{\"@type\":\"WebPage\",\"@id\":\"https:\/\/www.outsourcing-iod.pl\/index.php\/czy-nalezy-publikowac-dane-wyznaczonego-inspektora-ochrony-danych-na-stronie-internetowej\/\",\"url\":\"https:\/\/www.outsourcing-iod.pl\/index.php\/czy-nalezy-publikowac-dane-wyznaczonego-inspektora-ochrony-danych-na-stronie-internetowej\/\",\"name\":\"Czy nale\u017cy publikowa\u0107 dane wyznaczonego Inspektora Ochrony Danych na stronie internetowej?\",\"isPartOf\":{\"@id\":\"https:\/\/www.outsourcing-iod.pl\/#website\"},\"datePublished\":\"2022-05-23T11:30:39+00:00\",\"dateModified\":\"2023-03-08T12:32:17+00:00\",\"description\":\"Obowi\u0105zek opublikowania na stronie internetowej danych wyznaczonego Inspektora Ochrony Danych (dalej jako IOD) wynika wprost z ustawy (...)\",\"breadcrumb\":{\"@id\":\"https:\/\/www.outsourcing-iod.pl\/index.php\/czy-nalezy-publikowac-dane-wyznaczonego-inspektora-ochrony-danych-na-stronie-internetowej\/#breadcrumb\"},\"inLanguage\":\"pl-PL\",\"potentialAction\":[{\"@type\":\"ReadAction\",\"target\":[\"https:\/\/www.outsourcing-iod.pl\/index.php\/czy-nalezy-publikowac-dane-wyznaczonego-inspektora-ochrony-danych-na-stronie-internetowej\/\"]}]},{\"@type\":\"BreadcrumbList\",\"@id\":\"https:\/\/www.outsourcing-iod.pl\/index.php\/czy-nalezy-publikowac-dane-wyznaczonego-inspektora-ochrony-danych-na-stronie-internetowej\/#breadcrumb\",\"itemListElement\":[{\"@type\":\"ListItem\",\"position\":1,\"name\":\"Strona g\u0142\u00f3wna\",\"item\":\"https:\/\/www.outsourcing-iod.pl\/\"},{\"@type\":\"ListItem\",\"position\":2,\"name\":\"Czy nale\u017cy publikowa\u0107 dane wyznaczonego Inspektora Ochrony Danych na stronie internetowej?\"}]},{\"@type\":\"WebSite\",\"@id\":\"https:\/\/www.outsourcing-iod.pl\/#website\",\"url\":\"https:\/\/www.outsourcing-iod.pl\/\",\"name\":\"Outsourcing IOD Inspektor Ochrony Danych\",\"description\":\"Pe\u0142nimy zewn\u0119trzn\u0105 funkcj\u0119 inspektora ochrony danych\",\"publisher\":{\"@id\":\"https:\/\/www.outsourcing-iod.pl\/#organization\"},\"potentialAction\":[{\"@type\":\"SearchAction\",\"target\":{\"@type\":\"EntryPoint\",\"urlTemplate\":\"https:\/\/www.outsourcing-iod.pl\/?s={search_term_string}\"},\"query-input\":\"required name=search_term_string\"}],\"inLanguage\":\"pl-PL\"},{\"@type\":\"Organization\",\"@id\":\"https:\/\/www.outsourcing-iod.pl\/#organization\",\"name\":\"Outsourcing IOD Inspektor Ochrony Danych\",\"url\":\"https:\/\/www.outsourcing-iod.pl\/\",\"logo\":{\"@type\":\"ImageObject\",\"inLanguage\":\"pl-PL\",\"@id\":\"https:\/\/www.outsourcing-iod.pl\/#\/schema\/logo\/image\/\",\"url\":\"https:\/\/www.outsourcing-iod.pl\/wp-content\/uploads\/2023\/03\/logo.png\",\"contentUrl\":\"https:\/\/www.outsourcing-iod.pl\/wp-content\/uploads\/2023\/03\/logo.png\",\"width\":300,\"height\":200,\"caption\":\"Outsourcing IOD Inspektor Ochrony Danych\"},\"image\":{\"@id\":\"https:\/\/www.outsourcing-iod.pl\/#\/schema\/logo\/image\/\"},\"sameAs\":[\"https:\/\/www.facebook.com\/firma.nformatyczna\"]}]}<\/script>\n<!-- \/ Yoast SEO plugin. -->","yoast_head_json":{"title":"Czy nale\u017cy publikowa\u0107 dane wyznaczonego Inspektora Ochrony Danych na stronie internetowej?","description":"Obowi\u0105zek opublikowania na stronie internetowej danych wyznaczonego Inspektora Ochrony Danych (dalej jako IOD) wynika wprost z ustawy (...)","robots":{"index":"index","follow":"follow","max-snippet":"max-snippet:-1","max-image-preview":"max-image-preview:large","max-video-preview":"max-video-preview:-1"},"canonical":"https:\/\/www.outsourcing-iod.pl\/index.php\/czy-nalezy-publikowac-dane-wyznaczonego-inspektora-ochrony-danych-na-stronie-internetowej\/","og_locale":"pl_PL","og_type":"article","og_title":"Czy nale\u017cy publikowa\u0107 dane wyznaczonego Inspektora Ochrony Danych na stronie internetowej?","og_description":"Obowi\u0105zek opublikowania na stronie internetowej danych wyznaczonego Inspektora Ochrony Danych (dalej jako IOD) wynika wprost z ustawy (...)","og_url":"https:\/\/www.outsourcing-iod.pl\/index.php\/czy-nalezy-publikowac-dane-wyznaczonego-inspektora-ochrony-danych-na-stronie-internetowej\/","og_site_name":"Outsourcing IOD Inspektor Ochrony Danych","article_publisher":"https:\/\/www.facebook.com\/firma.nformatyczna","article_modified_time":"2023-03-08T12:32:17+00:00","twitter_card":"summary_large_image","twitter_misc":{"Szacowany czas czytania":"2 minuty"},"schema":{"@context":"https:\/\/schema.org","@graph":[{"@type":"WebPage","@id":"https:\/\/www.outsourcing-iod.pl\/index.php\/czy-nalezy-publikowac-dane-wyznaczonego-inspektora-ochrony-danych-na-stronie-internetowej\/","url":"https:\/\/www.outsourcing-iod.pl\/index.php\/czy-nalezy-publikowac-dane-wyznaczonego-inspektora-ochrony-danych-na-stronie-internetowej\/","name":"Czy nale\u017cy publikowa\u0107 dane wyznaczonego Inspektora Ochrony Danych na stronie internetowej?","isPartOf":{"@id":"https:\/\/www.outsourcing-iod.pl\/#website"},"datePublished":"2022-05-23T11:30:39+00:00","dateModified":"2023-03-08T12:32:17+00:00","description":"Obowi\u0105zek opublikowania na stronie internetowej danych wyznaczonego Inspektora Ochrony Danych (dalej jako IOD) wynika wprost z ustawy (...)","breadcrumb":{"@id":"https:\/\/www.outsourcing-iod.pl\/index.php\/czy-nalezy-publikowac-dane-wyznaczonego-inspektora-ochrony-danych-na-stronie-internetowej\/#breadcrumb"},"inLanguage":"pl-PL","potentialAction":[{"@type":"ReadAction","target":["https:\/\/www.outsourcing-iod.pl\/index.php\/czy-nalezy-publikowac-dane-wyznaczonego-inspektora-ochrony-danych-na-stronie-internetowej\/"]}]},{"@type":"BreadcrumbList","@id":"https:\/\/www.outsourcing-iod.pl\/index.php\/czy-nalezy-publikowac-dane-wyznaczonego-inspektora-ochrony-danych-na-stronie-internetowej\/#breadcrumb","itemListElement":[{"@type":"ListItem","position":1,"name":"Strona g\u0142\u00f3wna","item":"https:\/\/www.outsourcing-iod.pl\/"},{"@type":"ListItem","position":2,"name":"Czy nale\u017cy publikowa\u0107 dane wyznaczonego Inspektora Ochrony Danych na stronie internetowej?"}]},{"@type":"WebSite","@id":"https:\/\/www.outsourcing-iod.pl\/#website","url":"https:\/\/www.outsourcing-iod.pl\/","name":"Outsourcing IOD Inspektor Ochrony Danych","description":"Pe\u0142nimy zewn\u0119trzn\u0105 funkcj\u0119 inspektora ochrony danych","publisher":{"@id":"https:\/\/www.outsourcing-iod.pl\/#organization"},"potentialAction":[{"@type":"SearchAction","target":{"@type":"EntryPoint","urlTemplate":"https:\/\/www.outsourcing-iod.pl\/?s={search_term_string}"},"query-input":"required name=search_term_string"}],"inLanguage":"pl-PL"},{"@type":"Organization","@id":"https:\/\/www.outsourcing-iod.pl\/#organization","name":"Outsourcing IOD Inspektor Ochrony Danych","url":"https:\/\/www.outsourcing-iod.pl\/","logo":{"@type":"ImageObject","inLanguage":"pl-PL","@id":"https:\/\/www.outsourcing-iod.pl\/#\/schema\/logo\/image\/","url":"https:\/\/www.outsourcing-iod.pl\/wp-content\/uploads\/2023\/03\/logo.png","contentUrl":"https:\/\/www.outsourcing-iod.pl\/wp-content\/uploads\/2023\/03\/logo.png","width":300,"height":200,"caption":"Outsourcing IOD Inspektor Ochrony Danych"},"image":{"@id":"https:\/\/www.outsourcing-iod.pl\/#\/schema\/logo\/image\/"},"sameAs":["https:\/\/www.facebook.com\/firma.nformatyczna"]}]}},"_links":{"self":[{"href":"https:\/\/www.outsourcing-iod.pl\/index.php\/wp-json\/wp\/v2\/pages\/533"}],"collection":[{"href":"https:\/\/www.outsourcing-iod.pl\/index.php\/wp-json\/wp\/v2\/pages"}],"about":[{"href":"https:\/\/www.outsourcing-iod.pl\/index.php\/wp-json\/wp\/v2\/types\/page"}],"author":[{"embeddable":true,"href":"https:\/\/www.outsourcing-iod.pl\/index.php\/wp-json\/wp\/v2\/users\/1"}],"replies":[{"embeddable":true,"href":"https:\/\/www.outsourcing-iod.pl\/index.php\/wp-json\/wp\/v2\/comments?post=533"}],"version-history":[{"count":4,"href":"https:\/\/www.outsourcing-iod.pl\/index.php\/wp-json\/wp\/v2\/pages\/533\/revisions"}],"predecessor-version":[{"id":703,"href":"https:\/\/www.outsourcing-iod.pl\/index.php\/wp-json\/wp\/v2\/pages\/533\/revisions\/703"}],"wp:attachment":[{"href":"https:\/\/www.outsourcing-iod.pl\/index.php\/wp-json\/wp\/v2\/media?parent=533"}],"wp:term":[{"taxonomy":"category","embeddable":true,"href":"https:\/\/www.outsourcing-iod.pl\/index.php\/wp-json\/wp\/v2\/categories?post=533"},{"taxonomy":"post_tag","embeddable":true,"href":"https:\/\/www.outsourcing-iod.pl\/index.php\/wp-json\/wp\/v2\/tags?post=533"}],"curies":[{"name":"wp","href":"https:\/\/api.w.org\/{rel}","templated":true}]}}