{"id":538,"date":"2022-05-24T14:00:08","date_gmt":"2022-05-24T12:00:08","guid":{"rendered":"https:\/\/www.outsourcing-iod.pl\/?page_id=538"},"modified":"2023-03-08T13:42:36","modified_gmt":"2023-03-08T12:42:36","slug":"jak-postepowac-w-przypadku-kradziezypodejrzenia-kradziezy-dowodu-osobistego","status":"publish","type":"page","link":"https:\/\/www.outsourcing-iod.pl\/index.php\/jak-postepowac-w-przypadku-kradziezypodejrzenia-kradziezy-dowodu-osobistego\/","title":{"rendered":"<h1>Jak post\u0119powa\u0107 w przypadku kradzie\u017cy\/podejrzenia kradzie\u017cy dowodu osobistego? <\/h1>"},"content":{"rendered":"<p>Bardzo cz\u0119sto w swojej praktyce, spotykamy si\u0119 z pytaniami klient\u00f3w, czy te\u017c innych os\u00f3b co zrobi\u0107 w przypadku kradzie\u017cy dokumentu to\u017csamo\u015bci. Niejednokrotnie osoby te obawiaj\u0105 si\u0119 zaci\u0105gni\u0119cia zobowi\u0105za\u0144 kredytowych z u\u017cyciem danych, zawartych w skradzionym dowodzie osobistym. Podpowiadamy co zrobi\u0107.<\/p>\n<p>W przypadku uzasadnionej w\u0105tpliwo\u015bci, \u017ce dow\u00f3d zosta\u0142 skradziony, nale\u017cy bez zb\u0119dnej zw\u0142oki dokona\u0107 zg\u0142oszenia na Policji. Po dokonaniu takiego zg\u0142oszenia, nie jest ju\u017c konieczne zg\u0142aszanie utraty dokumentu w innych urz\u0119dach. Wiele os\u00f3b uwa\u017ca, \u017ce w analizowanym przypadku, pomocnym mo\u017ce okaza\u0107 si\u0119 powiadomienie urz\u0119du do spraw ochrony danych osobowych (<i>UODO<\/i>). <u>Jest to <\/u><u>nieprawid\u0142owa<\/u><u> praktyka, <\/u><u>gdy\u017c <\/u><u>w sytuacji kradzie\u017cy dokumentu to\u017csamo\u015bci<\/u><u>, w\u0142a\u015bciwym do rozwi\u0105zania sprawy, nie jest Urz\u0105d Ochrony Danych Osobowych <\/u><u>lecz organy \u015bcigania. <\/u><\/p>\n<p>W przypadku zagini\u0119cia b\u0105d\u017a kradzie\u017cy dokument\u00f3w o kt\u00f3rych mowa powy\u017cej, rekomenduje si\u0119 r\u00f3wnie\u017c, zg\u0142oszenie takiego zaj\u015bcia do banku, w kt\u00f3rym zosta\u0142o za\u0142o\u017cone konto. Dzi\u0119ki temu, mo\u017cliwe jest zabezpieczenie si\u0119 przed ewentualnym dzia\u0142aniem oszust\u00f3w, chc\u0105cych wykorzysta\u0107 dane zawarte w cudzym dowodzie. Co wi\u0119cej mo\u017cna zrobi\u0107? W celu monitorowania swojej aktywno\u015bci kredytowej, mo\u017cliwe jest za\u0142o\u017cenie konta w systemie informacji kredytowej i gospodarczej, w\u00f3wczas mamy mo\u017cliwo\u015b\u0107 sprawdzenia, czy nikt nie wzi\u0105\u0142 kredytu na nasze dane osobowe. Po za\u0142o\u017ceniu takiego konta, Biuro Informacji Kredytowej, generuje raport zawieraj\u0105cy kompletn\u0105 histori\u0119 kredytow\u0105 oraz informacje o innych zaci\u0105gni\u0119tych zobowi\u0105zaniach finansowych.<\/p>\n<p style=\"text-align: right;\"><a href=\"https:\/\/www.outsourcing-iod.pl\/index.php\/anita-kaluzna\/\">Anita Ka\u0142u\u017cna<\/a><br \/>\n<em>Inspektor Ochrony Danych<\/em><\/p>\n","protected":false},"excerpt":{"rendered":"<p>Bardzo cz\u0119sto w swojej praktyce, spotykamy si\u0119 z pytaniami klient\u00f3w, czy te\u017c innych os\u00f3b co zrobi\u0107 w przypadku kradzie\u017cy dokumentu to\u017csamo\u015bci. Niejednokrotnie osoby te obawiaj\u0105 si\u0119 zaci\u0105gni\u0119cia zobowi\u0105za\u0144 kredytowych z u\u017cyciem danych, zawartych w skradzionym dowodzie osobistym. Podpowiadamy co zrobi\u0107. W przypadku uzasadnionej w\u0105tpliwo\u015bci, \u017ce dow\u00f3d zosta\u0142 skradziony, nale\u017cy bez zb\u0119dnej zw\u0142oki dokona\u0107 zg\u0142oszenia na<a href=\"https:\/\/www.outsourcing-iod.pl\/index.php\/jak-postepowac-w-przypadku-kradziezypodejrzenia-kradziezy-dowodu-osobistego\/\">[&#8230;]<\/a><\/p>\n","protected":false},"author":1,"featured_media":0,"parent":0,"menu_order":0,"comment_status":"closed","ping_status":"closed","template":"","meta":[],"categories":[],"tags":[41,42],"yoast_head":"<!-- This site is optimized with the Yoast SEO plugin v20.2.1 - https:\/\/yoast.com\/wordpress\/plugins\/seo\/ -->\n<title>Jak post\u0119powa\u0107 w przypadku kradzie\u017cy\/podejrzenia kradzie\u017cy dowodu osobistego?<\/title>\n<meta name=\"description\" content=\"Bardzo cz\u0119sto w swojej praktyce, spotykamy si\u0119 z pytaniami klient\u00f3w, czy te\u017c innych os\u00f3b co zrobi\u0107 w przypadku (...)\" \/>\n<meta name=\"robots\" content=\"index, follow, max-snippet:-1, max-image-preview:large, max-video-preview:-1\" \/>\n<link rel=\"canonical\" href=\"https:\/\/www.outsourcing-iod.pl\/index.php\/jak-postepowac-w-przypadku-kradziezypodejrzenia-kradziezy-dowodu-osobistego\/\" \/>\n<meta property=\"og:locale\" content=\"pl_PL\" \/>\n<meta property=\"og:type\" content=\"article\" \/>\n<meta property=\"og:title\" content=\"Jak post\u0119powa\u0107 w przypadku kradzie\u017cy\/podejrzenia kradzie\u017cy dowodu osobistego?\" \/>\n<meta property=\"og:description\" content=\"Bardzo cz\u0119sto w swojej praktyce, spotykamy si\u0119 z pytaniami klient\u00f3w, czy te\u017c innych os\u00f3b co zrobi\u0107 w przypadku (...)\" \/>\n<meta property=\"og:url\" content=\"https:\/\/www.outsourcing-iod.pl\/index.php\/jak-postepowac-w-przypadku-kradziezypodejrzenia-kradziezy-dowodu-osobistego\/\" \/>\n<meta property=\"og:site_name\" content=\"Outsourcing IOD Inspektor Ochrony Danych\" \/>\n<meta property=\"article:publisher\" content=\"https:\/\/www.facebook.com\/firma.nformatyczna\" \/>\n<meta property=\"article:modified_time\" content=\"2023-03-08T12:42:36+00:00\" \/>\n<meta name=\"twitter:card\" content=\"summary_large_image\" \/>\n<meta name=\"twitter:label1\" content=\"Szacowany czas czytania\" \/>\n\t<meta name=\"twitter:data1\" content=\"2 minuty\" \/>\n<script type=\"application\/ld+json\" class=\"yoast-schema-graph\">{\"@context\":\"https:\/\/schema.org\",\"@graph\":[{\"@type\":\"WebPage\",\"@id\":\"https:\/\/www.outsourcing-iod.pl\/index.php\/jak-postepowac-w-przypadku-kradziezypodejrzenia-kradziezy-dowodu-osobistego\/\",\"url\":\"https:\/\/www.outsourcing-iod.pl\/index.php\/jak-postepowac-w-przypadku-kradziezypodejrzenia-kradziezy-dowodu-osobistego\/\",\"name\":\"Jak post\u0119powa\u0107 w przypadku kradzie\u017cy\/podejrzenia kradzie\u017cy dowodu osobistego?\",\"isPartOf\":{\"@id\":\"https:\/\/www.outsourcing-iod.pl\/#website\"},\"datePublished\":\"2022-05-24T12:00:08+00:00\",\"dateModified\":\"2023-03-08T12:42:36+00:00\",\"description\":\"Bardzo cz\u0119sto w swojej praktyce, spotykamy si\u0119 z pytaniami klient\u00f3w, czy te\u017c innych os\u00f3b co zrobi\u0107 w przypadku (...)\",\"breadcrumb\":{\"@id\":\"https:\/\/www.outsourcing-iod.pl\/index.php\/jak-postepowac-w-przypadku-kradziezypodejrzenia-kradziezy-dowodu-osobistego\/#breadcrumb\"},\"inLanguage\":\"pl-PL\",\"potentialAction\":[{\"@type\":\"ReadAction\",\"target\":[\"https:\/\/www.outsourcing-iod.pl\/index.php\/jak-postepowac-w-przypadku-kradziezypodejrzenia-kradziezy-dowodu-osobistego\/\"]}]},{\"@type\":\"BreadcrumbList\",\"@id\":\"https:\/\/www.outsourcing-iod.pl\/index.php\/jak-postepowac-w-przypadku-kradziezypodejrzenia-kradziezy-dowodu-osobistego\/#breadcrumb\",\"itemListElement\":[{\"@type\":\"ListItem\",\"position\":1,\"name\":\"Strona g\u0142\u00f3wna\",\"item\":\"https:\/\/www.outsourcing-iod.pl\/\"},{\"@type\":\"ListItem\",\"position\":2,\"name\":\"Jak post\u0119powa\u0107 w przypadku kradzie\u017cy\/podejrzenia kradzie\u017cy dowodu osobistego?\"}]},{\"@type\":\"WebSite\",\"@id\":\"https:\/\/www.outsourcing-iod.pl\/#website\",\"url\":\"https:\/\/www.outsourcing-iod.pl\/\",\"name\":\"Outsourcing IOD Inspektor Ochrony Danych\",\"description\":\"Pe\u0142nimy zewn\u0119trzn\u0105 funkcj\u0119 inspektora ochrony danych\",\"publisher\":{\"@id\":\"https:\/\/www.outsourcing-iod.pl\/#organization\"},\"potentialAction\":[{\"@type\":\"SearchAction\",\"target\":{\"@type\":\"EntryPoint\",\"urlTemplate\":\"https:\/\/www.outsourcing-iod.pl\/?s={search_term_string}\"},\"query-input\":\"required name=search_term_string\"}],\"inLanguage\":\"pl-PL\"},{\"@type\":\"Organization\",\"@id\":\"https:\/\/www.outsourcing-iod.pl\/#organization\",\"name\":\"Outsourcing IOD Inspektor Ochrony Danych\",\"url\":\"https:\/\/www.outsourcing-iod.pl\/\",\"logo\":{\"@type\":\"ImageObject\",\"inLanguage\":\"pl-PL\",\"@id\":\"https:\/\/www.outsourcing-iod.pl\/#\/schema\/logo\/image\/\",\"url\":\"https:\/\/www.outsourcing-iod.pl\/wp-content\/uploads\/2023\/03\/logo.png\",\"contentUrl\":\"https:\/\/www.outsourcing-iod.pl\/wp-content\/uploads\/2023\/03\/logo.png\",\"width\":300,\"height\":200,\"caption\":\"Outsourcing IOD Inspektor Ochrony Danych\"},\"image\":{\"@id\":\"https:\/\/www.outsourcing-iod.pl\/#\/schema\/logo\/image\/\"},\"sameAs\":[\"https:\/\/www.facebook.com\/firma.nformatyczna\"]}]}<\/script>\n<!-- \/ Yoast SEO plugin. -->","yoast_head_json":{"title":"Jak post\u0119powa\u0107 w przypadku kradzie\u017cy\/podejrzenia kradzie\u017cy dowodu osobistego?","description":"Bardzo cz\u0119sto w swojej praktyce, spotykamy si\u0119 z pytaniami klient\u00f3w, czy te\u017c innych os\u00f3b co zrobi\u0107 w przypadku (...)","robots":{"index":"index","follow":"follow","max-snippet":"max-snippet:-1","max-image-preview":"max-image-preview:large","max-video-preview":"max-video-preview:-1"},"canonical":"https:\/\/www.outsourcing-iod.pl\/index.php\/jak-postepowac-w-przypadku-kradziezypodejrzenia-kradziezy-dowodu-osobistego\/","og_locale":"pl_PL","og_type":"article","og_title":"Jak post\u0119powa\u0107 w przypadku kradzie\u017cy\/podejrzenia kradzie\u017cy dowodu osobistego?","og_description":"Bardzo cz\u0119sto w swojej praktyce, spotykamy si\u0119 z pytaniami klient\u00f3w, czy te\u017c innych os\u00f3b co zrobi\u0107 w przypadku (...)","og_url":"https:\/\/www.outsourcing-iod.pl\/index.php\/jak-postepowac-w-przypadku-kradziezypodejrzenia-kradziezy-dowodu-osobistego\/","og_site_name":"Outsourcing IOD Inspektor Ochrony Danych","article_publisher":"https:\/\/www.facebook.com\/firma.nformatyczna","article_modified_time":"2023-03-08T12:42:36+00:00","twitter_card":"summary_large_image","twitter_misc":{"Szacowany czas czytania":"2 minuty"},"schema":{"@context":"https:\/\/schema.org","@graph":[{"@type":"WebPage","@id":"https:\/\/www.outsourcing-iod.pl\/index.php\/jak-postepowac-w-przypadku-kradziezypodejrzenia-kradziezy-dowodu-osobistego\/","url":"https:\/\/www.outsourcing-iod.pl\/index.php\/jak-postepowac-w-przypadku-kradziezypodejrzenia-kradziezy-dowodu-osobistego\/","name":"Jak post\u0119powa\u0107 w przypadku kradzie\u017cy\/podejrzenia kradzie\u017cy dowodu osobistego?","isPartOf":{"@id":"https:\/\/www.outsourcing-iod.pl\/#website"},"datePublished":"2022-05-24T12:00:08+00:00","dateModified":"2023-03-08T12:42:36+00:00","description":"Bardzo cz\u0119sto w swojej praktyce, spotykamy si\u0119 z pytaniami klient\u00f3w, czy te\u017c innych os\u00f3b co zrobi\u0107 w przypadku (...)","breadcrumb":{"@id":"https:\/\/www.outsourcing-iod.pl\/index.php\/jak-postepowac-w-przypadku-kradziezypodejrzenia-kradziezy-dowodu-osobistego\/#breadcrumb"},"inLanguage":"pl-PL","potentialAction":[{"@type":"ReadAction","target":["https:\/\/www.outsourcing-iod.pl\/index.php\/jak-postepowac-w-przypadku-kradziezypodejrzenia-kradziezy-dowodu-osobistego\/"]}]},{"@type":"BreadcrumbList","@id":"https:\/\/www.outsourcing-iod.pl\/index.php\/jak-postepowac-w-przypadku-kradziezypodejrzenia-kradziezy-dowodu-osobistego\/#breadcrumb","itemListElement":[{"@type":"ListItem","position":1,"name":"Strona g\u0142\u00f3wna","item":"https:\/\/www.outsourcing-iod.pl\/"},{"@type":"ListItem","position":2,"name":"Jak post\u0119powa\u0107 w przypadku kradzie\u017cy\/podejrzenia kradzie\u017cy dowodu osobistego?"}]},{"@type":"WebSite","@id":"https:\/\/www.outsourcing-iod.pl\/#website","url":"https:\/\/www.outsourcing-iod.pl\/","name":"Outsourcing IOD Inspektor Ochrony Danych","description":"Pe\u0142nimy zewn\u0119trzn\u0105 funkcj\u0119 inspektora ochrony danych","publisher":{"@id":"https:\/\/www.outsourcing-iod.pl\/#organization"},"potentialAction":[{"@type":"SearchAction","target":{"@type":"EntryPoint","urlTemplate":"https:\/\/www.outsourcing-iod.pl\/?s={search_term_string}"},"query-input":"required name=search_term_string"}],"inLanguage":"pl-PL"},{"@type":"Organization","@id":"https:\/\/www.outsourcing-iod.pl\/#organization","name":"Outsourcing IOD Inspektor Ochrony Danych","url":"https:\/\/www.outsourcing-iod.pl\/","logo":{"@type":"ImageObject","inLanguage":"pl-PL","@id":"https:\/\/www.outsourcing-iod.pl\/#\/schema\/logo\/image\/","url":"https:\/\/www.outsourcing-iod.pl\/wp-content\/uploads\/2023\/03\/logo.png","contentUrl":"https:\/\/www.outsourcing-iod.pl\/wp-content\/uploads\/2023\/03\/logo.png","width":300,"height":200,"caption":"Outsourcing IOD Inspektor Ochrony Danych"},"image":{"@id":"https:\/\/www.outsourcing-iod.pl\/#\/schema\/logo\/image\/"},"sameAs":["https:\/\/www.facebook.com\/firma.nformatyczna"]}]}},"_links":{"self":[{"href":"https:\/\/www.outsourcing-iod.pl\/index.php\/wp-json\/wp\/v2\/pages\/538"}],"collection":[{"href":"https:\/\/www.outsourcing-iod.pl\/index.php\/wp-json\/wp\/v2\/pages"}],"about":[{"href":"https:\/\/www.outsourcing-iod.pl\/index.php\/wp-json\/wp\/v2\/types\/page"}],"author":[{"embeddable":true,"href":"https:\/\/www.outsourcing-iod.pl\/index.php\/wp-json\/wp\/v2\/users\/1"}],"replies":[{"embeddable":true,"href":"https:\/\/www.outsourcing-iod.pl\/index.php\/wp-json\/wp\/v2\/comments?post=538"}],"version-history":[{"count":4,"href":"https:\/\/www.outsourcing-iod.pl\/index.php\/wp-json\/wp\/v2\/pages\/538\/revisions"}],"predecessor-version":[{"id":708,"href":"https:\/\/www.outsourcing-iod.pl\/index.php\/wp-json\/wp\/v2\/pages\/538\/revisions\/708"}],"wp:attachment":[{"href":"https:\/\/www.outsourcing-iod.pl\/index.php\/wp-json\/wp\/v2\/media?parent=538"}],"wp:term":[{"taxonomy":"category","embeddable":true,"href":"https:\/\/www.outsourcing-iod.pl\/index.php\/wp-json\/wp\/v2\/categories?post=538"},{"taxonomy":"post_tag","embeddable":true,"href":"https:\/\/www.outsourcing-iod.pl\/index.php\/wp-json\/wp\/v2\/tags?post=538"}],"curies":[{"name":"wp","href":"https:\/\/api.w.org\/{rel}","templated":true}]}}