{"id":592,"date":"2022-08-09T14:27:19","date_gmt":"2022-08-09T12:27:19","guid":{"rendered":"https:\/\/www.outsourcing-iod.pl\/?page_id=592"},"modified":"2023-03-08T12:27:56","modified_gmt":"2023-03-08T11:27:56","slug":"co-to-jest-rodo","status":"publish","type":"page","link":"https:\/\/www.outsourcing-iod.pl\/index.php\/co-to-jest-rodo\/","title":{"rendered":"<h1>Co to jest RODO?<\/h1>"},"content":{"rendered":"<p>To powszechnie u\u017cywany skr\u00f3t odnosz\u0105cy si\u0119 do Rozporz\u0105dzenia Parlamentu Europejskiego i\u00a0Rady (UE) 2016\/679 z\u00a0dnia 27 kwietnia 2016 r. w\u00a0sprawie ochrony os\u00f3b fizycznych w\u00a0zwi\u0105zku z\u00a0przetwarzaniem danych osobowych i\u00a0w sprawie swobodnego przep\u0142ywu takich danych oraz uchylenia dyrektywy 95\/46\/WE (og\u00f3lne rozporz\u0105dzenie o\u00a0ochronie danych). RODO zacz\u0119\u0142o obowi\u0105zywa\u0107 po dwuletnim okresie przej\u015bciowym, od dnia 25 maja 2018 r. i co do zasady ma zastosowanie zar\u00f3wno do sektora publicznego, jak i prywatnego. Chroni ono ka\u017cd\u0105 osob\u0119 fizyczn\u0105, nie ma natomiast zastosowania do danych os\u00f3b prawnych. Celem RODO opr\u00f3cz oczywistej ochrony danych osobowych jest zharmonizowanie prawa w tym zakresie, zapewnienie swobodnego przep\u0142ywu danych mi\u0119dzy pa\u0144stwami cz\u0142onkowskimi oraz zorganizowanie proces\u00f3w przetwarzania w taki spos\u00f3b, by s\u0142u\u017cy\u0142o ludzko\u015bci.<br \/>\nNa powstanie RODO wp\u0142yn\u0119\u0142a m.in du\u017ca skala zbierania danych osobowych oraz ich wymiana pomi\u0119dzy sektorem publicznym a prywatnym, poczyniony post\u0119p techniczny, czy te\u017c wzrost ponadgranicznego przep\u0142ywu danych.<\/p>\n<p style=\"text-align: right;\"><a href=\"https:\/\/www.outsourcing-iod.pl\/index.php\/anita-kaluzna\/\">Anita Ka\u0142u\u017cna<\/a><br \/>\n<em>Inspektor Ochrony Danych<\/em><\/p>\n","protected":false},"excerpt":{"rendered":"<p>To powszechnie u\u017cywany skr\u00f3t odnosz\u0105cy si\u0119 do Rozporz\u0105dzenia Parlamentu Europejskiego i\u00a0Rady (UE) 2016\/679 z\u00a0dnia 27 kwietnia 2016 r. w\u00a0sprawie ochrony os\u00f3b fizycznych w\u00a0zwi\u0105zku z\u00a0przetwarzaniem danych osobowych i\u00a0w sprawie swobodnego przep\u0142ywu takich danych oraz uchylenia dyrektywy 95\/46\/WE (og\u00f3lne rozporz\u0105dzenie o\u00a0ochronie danych). RODO zacz\u0119\u0142o obowi\u0105zywa\u0107 po dwuletnim okresie przej\u015bciowym, od dnia 25 maja 2018 r. i co<a href=\"https:\/\/www.outsourcing-iod.pl\/index.php\/co-to-jest-rodo\/\">[&#8230;]<\/a><\/p>\n","protected":false},"author":1,"featured_media":0,"parent":0,"menu_order":0,"comment_status":"closed","ping_status":"closed","template":"","meta":[],"categories":[],"tags":[],"yoast_head":"<!-- This site is optimized with the Yoast SEO plugin v20.2.1 - https:\/\/yoast.com\/wordpress\/plugins\/seo\/ -->\n<title>Co to jest RODO?<\/title>\n<meta name=\"description\" content=\"Co to jest RODO? - To powszechnie u\u017cywany skr\u00f3t odnosz\u0105cy si\u0119 do Rozporz\u0105dzenia Parlamentu Europejskiego i\u00a0Rady (UE)\" \/>\n<meta name=\"robots\" content=\"index, follow, max-snippet:-1, max-image-preview:large, max-video-preview:-1\" \/>\n<link rel=\"canonical\" href=\"https:\/\/www.outsourcing-iod.pl\/index.php\/co-to-jest-rodo\/\" \/>\n<meta property=\"og:locale\" content=\"pl_PL\" \/>\n<meta property=\"og:type\" content=\"article\" \/>\n<meta property=\"og:title\" content=\"Co to jest RODO?\" \/>\n<meta property=\"og:description\" content=\"Co to jest RODO? - To powszechnie u\u017cywany skr\u00f3t odnosz\u0105cy si\u0119 do Rozporz\u0105dzenia Parlamentu Europejskiego i\u00a0Rady (UE)\" \/>\n<meta property=\"og:url\" content=\"https:\/\/www.outsourcing-iod.pl\/index.php\/co-to-jest-rodo\/\" \/>\n<meta property=\"og:site_name\" content=\"Outsourcing IOD Inspektor Ochrony Danych\" \/>\n<meta property=\"article:publisher\" content=\"https:\/\/www.facebook.com\/firma.nformatyczna\" \/>\n<meta property=\"article:modified_time\" content=\"2023-03-08T11:27:56+00:00\" \/>\n<meta name=\"twitter:card\" content=\"summary_large_image\" \/>\n<meta name=\"twitter:label1\" content=\"Szacowany czas czytania\" \/>\n\t<meta name=\"twitter:data1\" content=\"1 minuta\" \/>\n<script type=\"application\/ld+json\" class=\"yoast-schema-graph\">{\"@context\":\"https:\/\/schema.org\",\"@graph\":[{\"@type\":\"WebPage\",\"@id\":\"https:\/\/www.outsourcing-iod.pl\/index.php\/co-to-jest-rodo\/\",\"url\":\"https:\/\/www.outsourcing-iod.pl\/index.php\/co-to-jest-rodo\/\",\"name\":\"Co to jest RODO?\",\"isPartOf\":{\"@id\":\"https:\/\/www.outsourcing-iod.pl\/#website\"},\"datePublished\":\"2022-08-09T12:27:19+00:00\",\"dateModified\":\"2023-03-08T11:27:56+00:00\",\"description\":\"Co to jest RODO? - To powszechnie u\u017cywany skr\u00f3t odnosz\u0105cy si\u0119 do Rozporz\u0105dzenia Parlamentu Europejskiego i\u00a0Rady (UE)\",\"breadcrumb\":{\"@id\":\"https:\/\/www.outsourcing-iod.pl\/index.php\/co-to-jest-rodo\/#breadcrumb\"},\"inLanguage\":\"pl-PL\",\"potentialAction\":[{\"@type\":\"ReadAction\",\"target\":[\"https:\/\/www.outsourcing-iod.pl\/index.php\/co-to-jest-rodo\/\"]}]},{\"@type\":\"BreadcrumbList\",\"@id\":\"https:\/\/www.outsourcing-iod.pl\/index.php\/co-to-jest-rodo\/#breadcrumb\",\"itemListElement\":[{\"@type\":\"ListItem\",\"position\":1,\"name\":\"Strona g\u0142\u00f3wna\",\"item\":\"https:\/\/www.outsourcing-iod.pl\/\"},{\"@type\":\"ListItem\",\"position\":2,\"name\":\"Co to jest RODO?\"}]},{\"@type\":\"WebSite\",\"@id\":\"https:\/\/www.outsourcing-iod.pl\/#website\",\"url\":\"https:\/\/www.outsourcing-iod.pl\/\",\"name\":\"Outsourcing IOD Inspektor Ochrony Danych\",\"description\":\"Pe\u0142nimy zewn\u0119trzn\u0105 funkcj\u0119 inspektora ochrony danych\",\"publisher\":{\"@id\":\"https:\/\/www.outsourcing-iod.pl\/#organization\"},\"potentialAction\":[{\"@type\":\"SearchAction\",\"target\":{\"@type\":\"EntryPoint\",\"urlTemplate\":\"https:\/\/www.outsourcing-iod.pl\/?s={search_term_string}\"},\"query-input\":\"required name=search_term_string\"}],\"inLanguage\":\"pl-PL\"},{\"@type\":\"Organization\",\"@id\":\"https:\/\/www.outsourcing-iod.pl\/#organization\",\"name\":\"Outsourcing IOD Inspektor Ochrony Danych\",\"url\":\"https:\/\/www.outsourcing-iod.pl\/\",\"logo\":{\"@type\":\"ImageObject\",\"inLanguage\":\"pl-PL\",\"@id\":\"https:\/\/www.outsourcing-iod.pl\/#\/schema\/logo\/image\/\",\"url\":\"https:\/\/www.outsourcing-iod.pl\/wp-content\/uploads\/2023\/03\/logo.png\",\"contentUrl\":\"https:\/\/www.outsourcing-iod.pl\/wp-content\/uploads\/2023\/03\/logo.png\",\"width\":300,\"height\":200,\"caption\":\"Outsourcing IOD Inspektor Ochrony Danych\"},\"image\":{\"@id\":\"https:\/\/www.outsourcing-iod.pl\/#\/schema\/logo\/image\/\"},\"sameAs\":[\"https:\/\/www.facebook.com\/firma.nformatyczna\"]}]}<\/script>\n<!-- \/ Yoast SEO plugin. -->","yoast_head_json":{"title":"Co to jest RODO?","description":"Co to jest RODO? - To powszechnie u\u017cywany skr\u00f3t odnosz\u0105cy si\u0119 do Rozporz\u0105dzenia Parlamentu Europejskiego i\u00a0Rady (UE)","robots":{"index":"index","follow":"follow","max-snippet":"max-snippet:-1","max-image-preview":"max-image-preview:large","max-video-preview":"max-video-preview:-1"},"canonical":"https:\/\/www.outsourcing-iod.pl\/index.php\/co-to-jest-rodo\/","og_locale":"pl_PL","og_type":"article","og_title":"Co to jest RODO?","og_description":"Co to jest RODO? - To powszechnie u\u017cywany skr\u00f3t odnosz\u0105cy si\u0119 do Rozporz\u0105dzenia Parlamentu Europejskiego i\u00a0Rady (UE)","og_url":"https:\/\/www.outsourcing-iod.pl\/index.php\/co-to-jest-rodo\/","og_site_name":"Outsourcing IOD Inspektor Ochrony Danych","article_publisher":"https:\/\/www.facebook.com\/firma.nformatyczna","article_modified_time":"2023-03-08T11:27:56+00:00","twitter_card":"summary_large_image","twitter_misc":{"Szacowany czas czytania":"1 minuta"},"schema":{"@context":"https:\/\/schema.org","@graph":[{"@type":"WebPage","@id":"https:\/\/www.outsourcing-iod.pl\/index.php\/co-to-jest-rodo\/","url":"https:\/\/www.outsourcing-iod.pl\/index.php\/co-to-jest-rodo\/","name":"Co to jest RODO?","isPartOf":{"@id":"https:\/\/www.outsourcing-iod.pl\/#website"},"datePublished":"2022-08-09T12:27:19+00:00","dateModified":"2023-03-08T11:27:56+00:00","description":"Co to jest RODO? - To powszechnie u\u017cywany skr\u00f3t odnosz\u0105cy si\u0119 do Rozporz\u0105dzenia Parlamentu Europejskiego i\u00a0Rady (UE)","breadcrumb":{"@id":"https:\/\/www.outsourcing-iod.pl\/index.php\/co-to-jest-rodo\/#breadcrumb"},"inLanguage":"pl-PL","potentialAction":[{"@type":"ReadAction","target":["https:\/\/www.outsourcing-iod.pl\/index.php\/co-to-jest-rodo\/"]}]},{"@type":"BreadcrumbList","@id":"https:\/\/www.outsourcing-iod.pl\/index.php\/co-to-jest-rodo\/#breadcrumb","itemListElement":[{"@type":"ListItem","position":1,"name":"Strona g\u0142\u00f3wna","item":"https:\/\/www.outsourcing-iod.pl\/"},{"@type":"ListItem","position":2,"name":"Co to jest RODO?"}]},{"@type":"WebSite","@id":"https:\/\/www.outsourcing-iod.pl\/#website","url":"https:\/\/www.outsourcing-iod.pl\/","name":"Outsourcing IOD Inspektor Ochrony Danych","description":"Pe\u0142nimy zewn\u0119trzn\u0105 funkcj\u0119 inspektora ochrony danych","publisher":{"@id":"https:\/\/www.outsourcing-iod.pl\/#organization"},"potentialAction":[{"@type":"SearchAction","target":{"@type":"EntryPoint","urlTemplate":"https:\/\/www.outsourcing-iod.pl\/?s={search_term_string}"},"query-input":"required name=search_term_string"}],"inLanguage":"pl-PL"},{"@type":"Organization","@id":"https:\/\/www.outsourcing-iod.pl\/#organization","name":"Outsourcing IOD Inspektor Ochrony Danych","url":"https:\/\/www.outsourcing-iod.pl\/","logo":{"@type":"ImageObject","inLanguage":"pl-PL","@id":"https:\/\/www.outsourcing-iod.pl\/#\/schema\/logo\/image\/","url":"https:\/\/www.outsourcing-iod.pl\/wp-content\/uploads\/2023\/03\/logo.png","contentUrl":"https:\/\/www.outsourcing-iod.pl\/wp-content\/uploads\/2023\/03\/logo.png","width":300,"height":200,"caption":"Outsourcing IOD Inspektor Ochrony Danych"},"image":{"@id":"https:\/\/www.outsourcing-iod.pl\/#\/schema\/logo\/image\/"},"sameAs":["https:\/\/www.facebook.com\/firma.nformatyczna"]}]}},"_links":{"self":[{"href":"https:\/\/www.outsourcing-iod.pl\/index.php\/wp-json\/wp\/v2\/pages\/592"}],"collection":[{"href":"https:\/\/www.outsourcing-iod.pl\/index.php\/wp-json\/wp\/v2\/pages"}],"about":[{"href":"https:\/\/www.outsourcing-iod.pl\/index.php\/wp-json\/wp\/v2\/types\/page"}],"author":[{"embeddable":true,"href":"https:\/\/www.outsourcing-iod.pl\/index.php\/wp-json\/wp\/v2\/users\/1"}],"replies":[{"embeddable":true,"href":"https:\/\/www.outsourcing-iod.pl\/index.php\/wp-json\/wp\/v2\/comments?post=592"}],"version-history":[{"count":5,"href":"https:\/\/www.outsourcing-iod.pl\/index.php\/wp-json\/wp\/v2\/pages\/592\/revisions"}],"predecessor-version":[{"id":700,"href":"https:\/\/www.outsourcing-iod.pl\/index.php\/wp-json\/wp\/v2\/pages\/592\/revisions\/700"}],"wp:attachment":[{"href":"https:\/\/www.outsourcing-iod.pl\/index.php\/wp-json\/wp\/v2\/media?parent=592"}],"wp:term":[{"taxonomy":"category","embeddable":true,"href":"https:\/\/www.outsourcing-iod.pl\/index.php\/wp-json\/wp\/v2\/categories?post=592"},{"taxonomy":"post_tag","embeddable":true,"href":"https:\/\/www.outsourcing-iod.pl\/index.php\/wp-json\/wp\/v2\/tags?post=592"}],"curies":[{"name":"wp","href":"https:\/\/api.w.org\/{rel}","templated":true}]}}