{"id":608,"date":"2023-01-03T14:00:42","date_gmt":"2023-01-03T13:00:42","guid":{"rendered":"https:\/\/www.outsourcing-iod.pl\/?page_id=608"},"modified":"2023-03-08T12:33:13","modified_gmt":"2023-03-08T11:33:13","slug":"kto-to-iod-inspektor-ochrony-danych-osobowych","status":"publish","type":"page","link":"https:\/\/www.outsourcing-iod.pl\/index.php\/kto-to-iod-inspektor-ochrony-danych-osobowych\/","title":{"rendered":"<h1>Kim jest IOD (inspektor ochrony danych)?<\/h1>"},"content":{"rendered":"<p>IOD <i>(inspektor ochrony danych)<\/i> jest specjalist\u0105 z zakresu ochrony danych osobowych, a tak\u017ce osob\u0105 stoj\u0105c\u0105 na stra\u017cy przestrzegania jednego z podstawowych praw jednostki. Jego zadaniem jest wype\u0142nianie obowi\u0105zk\u00f3w, o kt\u00f3rych bli\u017cej mowa w art. 39 og\u00f3lnego rozporz\u0105dzenia o ochronie danych i jest to m.in.: bie\u017c\u0105ce informowanie administratora, podmiotu przetwarzaj\u0105cego oraz pracownik\u00f3w, zaanga\u017cowanych w proces przetwarzania, o obowi\u0105zkach spoczywaj\u0105cych na nich na mocy przepis\u00f3w RODO oraz innych przepis\u00f3w Unii lub pa\u0144stw cz\u0142onkowskich o ochronie danych i doradzanie im w tym zakresie, monitorowanie przestrzegania przepis\u00f3w o ochronie danych osobowych w organizacji, podejmowanie dzia\u0142a\u0144 maj\u0105cych na celu zwi\u0119kszenie \u015bwiadomo\u015bci os\u00f3b zaanga\u017cowanych w proces przetwarzania oraz wsp\u00f3\u0142praca z Prezesem UODO <i>(Urz<\/i><i>\u0105<\/i><i>d Ochrony Danych Osobowych)<\/i>. Inspektorem, mo\u017ce zosta\u0107 osoba, kt\u00f3ra \u0142\u0105cznie spe\u0142nia warunki, okre\u015blone przepisami aktualnie obowi\u0105zuj\u0105cej ustawy o ochronie danych osobowych z dn. 10 maja 2018 r. i jest to; posiadanie pe\u0142nej zdolno\u015bci do dokonywania czynno\u015bci prawych oraz korzystanie z pe\u0142ni praw publicznych, nieskazanie prawomocnym wyrokiem za pope\u0142nienie przest\u0119pstwa lub przest\u0119pstwa skarbowego, pope\u0142nionego umy\u015blnie oraz dysponowanie umiej\u0119tno\u015bciami i wiedz\u0105, niezb\u0119dn\u0105 do realizacji przewidzianych zada\u0144.<\/p>\n","protected":false},"excerpt":{"rendered":"<p>IOD (inspektor ochrony danych) jest specjalist\u0105 z zakresu ochrony danych osobowych, a tak\u017ce osob\u0105 stoj\u0105c\u0105 na stra\u017cy przestrzegania jednego z podstawowych praw jednostki. Jego zadaniem jest wype\u0142nianie obowi\u0105zk\u00f3w, o kt\u00f3rych bli\u017cej mowa w art. 39 og\u00f3lnego rozporz\u0105dzenia o ochronie danych i jest to m.in.: bie\u017c\u0105ce informowanie administratora, podmiotu przetwarzaj\u0105cego oraz pracownik\u00f3w, zaanga\u017cowanych w proces przetwarzania,<a href=\"https:\/\/www.outsourcing-iod.pl\/index.php\/kto-to-iod-inspektor-ochrony-danych-osobowych\/\">[&#8230;]<\/a><\/p>\n","protected":false},"author":1,"featured_media":0,"parent":0,"menu_order":0,"comment_status":"closed","ping_status":"closed","template":"","meta":[],"categories":[],"tags":[],"yoast_head":"<!-- This site is optimized with the Yoast SEO plugin v20.2.1 - https:\/\/yoast.com\/wordpress\/plugins\/seo\/ -->\n<title>Kim jest IOD (inspektor ochrony danych)?<\/title>\n<meta name=\"description\" content=\"Kim jest IOD (inspektor ochrony danych)? - jest to osobo stoj\u0105ca na stra\u017cy przestrzegania jednego z podstawowych praw jednostki\" \/>\n<meta name=\"robots\" content=\"index, follow, max-snippet:-1, max-image-preview:large, max-video-preview:-1\" \/>\n<link rel=\"canonical\" href=\"https:\/\/www.outsourcing-iod.pl\/index.php\/kto-to-iod-inspektor-ochrony-danych-osobowych\/\" \/>\n<meta property=\"og:locale\" content=\"pl_PL\" \/>\n<meta property=\"og:type\" content=\"article\" \/>\n<meta property=\"og:title\" content=\"Kim jest IOD (inspektor ochrony danych)?\" \/>\n<meta property=\"og:description\" content=\"Kim jest IOD (inspektor ochrony danych)? - jest to osobo stoj\u0105ca na stra\u017cy przestrzegania jednego z podstawowych praw jednostki\" \/>\n<meta property=\"og:url\" content=\"https:\/\/www.outsourcing-iod.pl\/index.php\/kto-to-iod-inspektor-ochrony-danych-osobowych\/\" \/>\n<meta property=\"og:site_name\" content=\"Outsourcing IOD Inspektor Ochrony Danych\" \/>\n<meta property=\"article:publisher\" content=\"https:\/\/www.facebook.com\/firma.nformatyczna\" \/>\n<meta property=\"article:modified_time\" content=\"2023-03-08T11:33:13+00:00\" \/>\n<meta name=\"twitter:card\" content=\"summary_large_image\" \/>\n<meta name=\"twitter:label1\" content=\"Szacowany czas czytania\" \/>\n\t<meta name=\"twitter:data1\" content=\"2 minuty\" \/>\n<script type=\"application\/ld+json\" class=\"yoast-schema-graph\">{\"@context\":\"https:\/\/schema.org\",\"@graph\":[{\"@type\":\"WebPage\",\"@id\":\"https:\/\/www.outsourcing-iod.pl\/index.php\/kto-to-iod-inspektor-ochrony-danych-osobowych\/\",\"url\":\"https:\/\/www.outsourcing-iod.pl\/index.php\/kto-to-iod-inspektor-ochrony-danych-osobowych\/\",\"name\":\"Kim jest IOD (inspektor ochrony danych)?\",\"isPartOf\":{\"@id\":\"https:\/\/www.outsourcing-iod.pl\/#website\"},\"datePublished\":\"2023-01-03T13:00:42+00:00\",\"dateModified\":\"2023-03-08T11:33:13+00:00\",\"description\":\"Kim jest IOD (inspektor ochrony danych)? - jest to osobo stoj\u0105ca na stra\u017cy przestrzegania jednego z podstawowych praw jednostki\",\"breadcrumb\":{\"@id\":\"https:\/\/www.outsourcing-iod.pl\/index.php\/kto-to-iod-inspektor-ochrony-danych-osobowych\/#breadcrumb\"},\"inLanguage\":\"pl-PL\",\"potentialAction\":[{\"@type\":\"ReadAction\",\"target\":[\"https:\/\/www.outsourcing-iod.pl\/index.php\/kto-to-iod-inspektor-ochrony-danych-osobowych\/\"]}]},{\"@type\":\"BreadcrumbList\",\"@id\":\"https:\/\/www.outsourcing-iod.pl\/index.php\/kto-to-iod-inspektor-ochrony-danych-osobowych\/#breadcrumb\",\"itemListElement\":[{\"@type\":\"ListItem\",\"position\":1,\"name\":\"Strona g\u0142\u00f3wna\",\"item\":\"https:\/\/www.outsourcing-iod.pl\/\"},{\"@type\":\"ListItem\",\"position\":2,\"name\":\"Kim jest IOD (inspektor ochrony danych)?\"}]},{\"@type\":\"WebSite\",\"@id\":\"https:\/\/www.outsourcing-iod.pl\/#website\",\"url\":\"https:\/\/www.outsourcing-iod.pl\/\",\"name\":\"Outsourcing IOD Inspektor Ochrony Danych\",\"description\":\"Pe\u0142nimy zewn\u0119trzn\u0105 funkcj\u0119 inspektora ochrony danych\",\"publisher\":{\"@id\":\"https:\/\/www.outsourcing-iod.pl\/#organization\"},\"potentialAction\":[{\"@type\":\"SearchAction\",\"target\":{\"@type\":\"EntryPoint\",\"urlTemplate\":\"https:\/\/www.outsourcing-iod.pl\/?s={search_term_string}\"},\"query-input\":\"required name=search_term_string\"}],\"inLanguage\":\"pl-PL\"},{\"@type\":\"Organization\",\"@id\":\"https:\/\/www.outsourcing-iod.pl\/#organization\",\"name\":\"Outsourcing IOD Inspektor Ochrony Danych\",\"url\":\"https:\/\/www.outsourcing-iod.pl\/\",\"logo\":{\"@type\":\"ImageObject\",\"inLanguage\":\"pl-PL\",\"@id\":\"https:\/\/www.outsourcing-iod.pl\/#\/schema\/logo\/image\/\",\"url\":\"https:\/\/www.outsourcing-iod.pl\/wp-content\/uploads\/2023\/03\/logo.png\",\"contentUrl\":\"https:\/\/www.outsourcing-iod.pl\/wp-content\/uploads\/2023\/03\/logo.png\",\"width\":300,\"height\":200,\"caption\":\"Outsourcing IOD Inspektor Ochrony Danych\"},\"image\":{\"@id\":\"https:\/\/www.outsourcing-iod.pl\/#\/schema\/logo\/image\/\"},\"sameAs\":[\"https:\/\/www.facebook.com\/firma.nformatyczna\"]}]}<\/script>\n<!-- \/ Yoast SEO plugin. -->","yoast_head_json":{"title":"Kim jest IOD (inspektor ochrony danych)?","description":"Kim jest IOD (inspektor ochrony danych)? - jest to osobo stoj\u0105ca na stra\u017cy przestrzegania jednego z podstawowych praw jednostki","robots":{"index":"index","follow":"follow","max-snippet":"max-snippet:-1","max-image-preview":"max-image-preview:large","max-video-preview":"max-video-preview:-1"},"canonical":"https:\/\/www.outsourcing-iod.pl\/index.php\/kto-to-iod-inspektor-ochrony-danych-osobowych\/","og_locale":"pl_PL","og_type":"article","og_title":"Kim jest IOD (inspektor ochrony danych)?","og_description":"Kim jest IOD (inspektor ochrony danych)? - jest to osobo stoj\u0105ca na stra\u017cy przestrzegania jednego z podstawowych praw jednostki","og_url":"https:\/\/www.outsourcing-iod.pl\/index.php\/kto-to-iod-inspektor-ochrony-danych-osobowych\/","og_site_name":"Outsourcing IOD Inspektor Ochrony Danych","article_publisher":"https:\/\/www.facebook.com\/firma.nformatyczna","article_modified_time":"2023-03-08T11:33:13+00:00","twitter_card":"summary_large_image","twitter_misc":{"Szacowany czas czytania":"2 minuty"},"schema":{"@context":"https:\/\/schema.org","@graph":[{"@type":"WebPage","@id":"https:\/\/www.outsourcing-iod.pl\/index.php\/kto-to-iod-inspektor-ochrony-danych-osobowych\/","url":"https:\/\/www.outsourcing-iod.pl\/index.php\/kto-to-iod-inspektor-ochrony-danych-osobowych\/","name":"Kim jest IOD (inspektor ochrony danych)?","isPartOf":{"@id":"https:\/\/www.outsourcing-iod.pl\/#website"},"datePublished":"2023-01-03T13:00:42+00:00","dateModified":"2023-03-08T11:33:13+00:00","description":"Kim jest IOD (inspektor ochrony danych)? - jest to osobo stoj\u0105ca na stra\u017cy przestrzegania jednego z podstawowych praw jednostki","breadcrumb":{"@id":"https:\/\/www.outsourcing-iod.pl\/index.php\/kto-to-iod-inspektor-ochrony-danych-osobowych\/#breadcrumb"},"inLanguage":"pl-PL","potentialAction":[{"@type":"ReadAction","target":["https:\/\/www.outsourcing-iod.pl\/index.php\/kto-to-iod-inspektor-ochrony-danych-osobowych\/"]}]},{"@type":"BreadcrumbList","@id":"https:\/\/www.outsourcing-iod.pl\/index.php\/kto-to-iod-inspektor-ochrony-danych-osobowych\/#breadcrumb","itemListElement":[{"@type":"ListItem","position":1,"name":"Strona g\u0142\u00f3wna","item":"https:\/\/www.outsourcing-iod.pl\/"},{"@type":"ListItem","position":2,"name":"Kim jest IOD (inspektor ochrony danych)?"}]},{"@type":"WebSite","@id":"https:\/\/www.outsourcing-iod.pl\/#website","url":"https:\/\/www.outsourcing-iod.pl\/","name":"Outsourcing IOD Inspektor Ochrony Danych","description":"Pe\u0142nimy zewn\u0119trzn\u0105 funkcj\u0119 inspektora ochrony danych","publisher":{"@id":"https:\/\/www.outsourcing-iod.pl\/#organization"},"potentialAction":[{"@type":"SearchAction","target":{"@type":"EntryPoint","urlTemplate":"https:\/\/www.outsourcing-iod.pl\/?s={search_term_string}"},"query-input":"required name=search_term_string"}],"inLanguage":"pl-PL"},{"@type":"Organization","@id":"https:\/\/www.outsourcing-iod.pl\/#organization","name":"Outsourcing IOD Inspektor Ochrony Danych","url":"https:\/\/www.outsourcing-iod.pl\/","logo":{"@type":"ImageObject","inLanguage":"pl-PL","@id":"https:\/\/www.outsourcing-iod.pl\/#\/schema\/logo\/image\/","url":"https:\/\/www.outsourcing-iod.pl\/wp-content\/uploads\/2023\/03\/logo.png","contentUrl":"https:\/\/www.outsourcing-iod.pl\/wp-content\/uploads\/2023\/03\/logo.png","width":300,"height":200,"caption":"Outsourcing IOD Inspektor Ochrony Danych"},"image":{"@id":"https:\/\/www.outsourcing-iod.pl\/#\/schema\/logo\/image\/"},"sameAs":["https:\/\/www.facebook.com\/firma.nformatyczna"]}]}},"_links":{"self":[{"href":"https:\/\/www.outsourcing-iod.pl\/index.php\/wp-json\/wp\/v2\/pages\/608"}],"collection":[{"href":"https:\/\/www.outsourcing-iod.pl\/index.php\/wp-json\/wp\/v2\/pages"}],"about":[{"href":"https:\/\/www.outsourcing-iod.pl\/index.php\/wp-json\/wp\/v2\/types\/page"}],"author":[{"embeddable":true,"href":"https:\/\/www.outsourcing-iod.pl\/index.php\/wp-json\/wp\/v2\/users\/1"}],"replies":[{"embeddable":true,"href":"https:\/\/www.outsourcing-iod.pl\/index.php\/wp-json\/wp\/v2\/comments?post=608"}],"version-history":[{"count":3,"href":"https:\/\/www.outsourcing-iod.pl\/index.php\/wp-json\/wp\/v2\/pages\/608\/revisions"}],"predecessor-version":[{"id":640,"href":"https:\/\/www.outsourcing-iod.pl\/index.php\/wp-json\/wp\/v2\/pages\/608\/revisions\/640"}],"wp:attachment":[{"href":"https:\/\/www.outsourcing-iod.pl\/index.php\/wp-json\/wp\/v2\/media?parent=608"}],"wp:term":[{"taxonomy":"category","embeddable":true,"href":"https:\/\/www.outsourcing-iod.pl\/index.php\/wp-json\/wp\/v2\/categories?post=608"},{"taxonomy":"post_tag","embeddable":true,"href":"https:\/\/www.outsourcing-iod.pl\/index.php\/wp-json\/wp\/v2\/tags?post=608"}],"curies":[{"name":"wp","href":"https:\/\/api.w.org\/{rel}","templated":true}]}}