{"id":799,"date":"2023-12-22T11:25:26","date_gmt":"2023-12-22T10:25:26","guid":{"rendered":"https:\/\/www.outsourcing-iod.pl\/?page_id=799"},"modified":"2023-12-22T11:25:27","modified_gmt":"2023-12-22T10:25:27","slug":"czy-twrzenie-dokumentacji-jest-obowiazkiem-iod","status":"publish","type":"page","link":"https:\/\/www.outsourcing-iod.pl\/index.php\/czy-twrzenie-dokumentacji-jest-obowiazkiem-iod\/","title":{"rendered":"<em><strong>Czy tworzenie dokumentacji z zakresu ochrony danych osobowych jest obowi\u0105zkiem powo\u0142anego Inspektora Ochrony Danych?<\/strong><\/em>"},"content":{"rendered":"\n<p>Tworzenie dokumentacji z zakresu ochrony danych osobowych, tj. polityk i procedur, <strong>nie jest <\/strong>obowi\u0105zkiem wyznaczonego IDO, wynikaj\u0105cym z rozporz\u0105dzenia o ochronie danych \u2013 <em>RODO<\/em>.Artyku\u0142 39 <em>RODO<\/em>, wskazuje wprost, jakie zadania le\u017c\u0105 po stronie powo\u0142anego inspektora. W\u015br\u00f3d nich jest m.in. monitorowanie przestrzegania przepis\u00f3w, wsp\u00f3\u0142praca z organem nadzorczym oraz przeprowadzanie audyt\u00f3w, jednak na pr\u00f3\u017cno by szuka\u0107 obowi\u0105zku tworzenia dokumentacji dla obs\u0142ugiwanego podmiotu. Od Inspektora Ochrony Danych mo\u017cna jednak egzekwowa\u0107, zgodnie z brzmieniem art. 39 ust. 1 lit. a <em>RODO<\/em> doradzanie w przedmiocie stworzonej ju\u017c dokumentacji, pod k\u0105tem zgodno\u015bci z przepisami o ochronie danych osobowych.<\/p>\n","protected":false},"excerpt":{"rendered":"<p>Tworzenie dokumentacji z zakresu ochrony danych osobowych, tj. polityk i procedur, nie jest obowi\u0105zkiem wyznaczonego IDO, wynikaj\u0105cym z rozporz\u0105dzenia o ochronie danych \u2013 RODO.Artyku\u0142 39 RODO, wskazuje wprost, jakie zadania le\u017c\u0105 po stronie powo\u0142anego inspektora. W\u015br\u00f3d nich jest m.in. monitorowanie przestrzegania przepis\u00f3w, wsp\u00f3\u0142praca z organem nadzorczym oraz przeprowadzanie audyt\u00f3w, jednak na pr\u00f3\u017cno by szuka\u0107 obowi\u0105zku<a href=\"https:\/\/www.outsourcing-iod.pl\/index.php\/czy-twrzenie-dokumentacji-jest-obowiazkiem-iod\/\">[&#8230;]<\/a><\/p>\n","protected":false},"author":1,"featured_media":0,"parent":0,"menu_order":0,"comment_status":"closed","ping_status":"closed","template":"","meta":[],"categories":[],"tags":[],"yoast_head":"<!-- This site is optimized with the Yoast SEO plugin v20.2.1 - https:\/\/yoast.com\/wordpress\/plugins\/seo\/ -->\n<title>Czy tworzenie dokumentacji z zakresu ochrony danych osobowych jest obowi\u0105zkiem powo\u0142anego Inspektora Ochrony Danych?<\/title>\n<meta name=\"description\" content=\"Zapraszamy do naszej sekcji pyta\u0144 i odpowiedzi gdzie zapoznaj\u0105 si\u0119\u00a0Pa\u0144stwo z odpowiedzi\u0105 na to pytanie jak i inne ciekawe tematy\" \/>\n<meta name=\"robots\" content=\"index, follow, max-snippet:-1, max-image-preview:large, max-video-preview:-1\" \/>\n<link rel=\"canonical\" href=\"https:\/\/www.outsourcing-iod.pl\/index.php\/czy-twrzenie-dokumentacji-jest-obowiazkiem-iod\/\" \/>\n<meta property=\"og:locale\" content=\"pl_PL\" \/>\n<meta property=\"og:type\" content=\"article\" \/>\n<meta property=\"og:title\" content=\"Czy tworzenie dokumentacji z zakresu ochrony danych osobowych jest obowi\u0105zkiem powo\u0142anego Inspektora Ochrony Danych?\" \/>\n<meta property=\"og:description\" content=\"Zapraszamy do naszej sekcji pyta\u0144 i odpowiedzi gdzie zapoznaj\u0105 si\u0119\u00a0Pa\u0144stwo z odpowiedzi\u0105 na to pytanie jak i inne ciekawe tematy\" \/>\n<meta property=\"og:url\" content=\"https:\/\/www.outsourcing-iod.pl\/index.php\/czy-twrzenie-dokumentacji-jest-obowiazkiem-iod\/\" \/>\n<meta property=\"og:site_name\" content=\"Outsourcing IOD Inspektor Ochrony Danych\" \/>\n<meta property=\"article:publisher\" content=\"https:\/\/www.facebook.com\/firma.nformatyczna\" \/>\n<meta property=\"article:modified_time\" content=\"2023-12-22T10:25:27+00:00\" \/>\n<meta name=\"twitter:card\" content=\"summary_large_image\" \/>\n<meta name=\"twitter:label1\" content=\"Szacowany czas czytania\" \/>\n\t<meta name=\"twitter:data1\" content=\"1 minuta\" \/>\n<script type=\"application\/ld+json\" class=\"yoast-schema-graph\">{\"@context\":\"https:\/\/schema.org\",\"@graph\":[{\"@type\":\"WebPage\",\"@id\":\"https:\/\/www.outsourcing-iod.pl\/index.php\/czy-twrzenie-dokumentacji-jest-obowiazkiem-iod\/\",\"url\":\"https:\/\/www.outsourcing-iod.pl\/index.php\/czy-twrzenie-dokumentacji-jest-obowiazkiem-iod\/\",\"name\":\"Czy tworzenie dokumentacji z zakresu ochrony danych osobowych jest obowi\u0105zkiem powo\u0142anego Inspektora Ochrony Danych?\",\"isPartOf\":{\"@id\":\"https:\/\/www.outsourcing-iod.pl\/#website\"},\"datePublished\":\"2023-12-22T10:25:26+00:00\",\"dateModified\":\"2023-12-22T10:25:27+00:00\",\"description\":\"Zapraszamy do naszej sekcji pyta\u0144 i odpowiedzi gdzie zapoznaj\u0105 si\u0119\u00a0Pa\u0144stwo z odpowiedzi\u0105 na to pytanie jak i inne ciekawe tematy\",\"breadcrumb\":{\"@id\":\"https:\/\/www.outsourcing-iod.pl\/index.php\/czy-twrzenie-dokumentacji-jest-obowiazkiem-iod\/#breadcrumb\"},\"inLanguage\":\"pl-PL\",\"potentialAction\":[{\"@type\":\"ReadAction\",\"target\":[\"https:\/\/www.outsourcing-iod.pl\/index.php\/czy-twrzenie-dokumentacji-jest-obowiazkiem-iod\/\"]}]},{\"@type\":\"BreadcrumbList\",\"@id\":\"https:\/\/www.outsourcing-iod.pl\/index.php\/czy-twrzenie-dokumentacji-jest-obowiazkiem-iod\/#breadcrumb\",\"itemListElement\":[{\"@type\":\"ListItem\",\"position\":1,\"name\":\"Strona g\u0142\u00f3wna\",\"item\":\"https:\/\/www.outsourcing-iod.pl\/\"},{\"@type\":\"ListItem\",\"position\":2,\"name\":\"Czy tworzenie dokumentacji z zakresu ochrony danych osobowych jest obowi\u0105zkiem powo\u0142anego Inspektora Ochrony Danych?\"}]},{\"@type\":\"WebSite\",\"@id\":\"https:\/\/www.outsourcing-iod.pl\/#website\",\"url\":\"https:\/\/www.outsourcing-iod.pl\/\",\"name\":\"Outsourcing IOD Inspektor Ochrony Danych\",\"description\":\"Pe\u0142nimy zewn\u0119trzn\u0105 funkcj\u0119 inspektora ochrony danych\",\"publisher\":{\"@id\":\"https:\/\/www.outsourcing-iod.pl\/#organization\"},\"potentialAction\":[{\"@type\":\"SearchAction\",\"target\":{\"@type\":\"EntryPoint\",\"urlTemplate\":\"https:\/\/www.outsourcing-iod.pl\/?s={search_term_string}\"},\"query-input\":\"required name=search_term_string\"}],\"inLanguage\":\"pl-PL\"},{\"@type\":\"Organization\",\"@id\":\"https:\/\/www.outsourcing-iod.pl\/#organization\",\"name\":\"Outsourcing IOD Inspektor Ochrony Danych\",\"url\":\"https:\/\/www.outsourcing-iod.pl\/\",\"logo\":{\"@type\":\"ImageObject\",\"inLanguage\":\"pl-PL\",\"@id\":\"https:\/\/www.outsourcing-iod.pl\/#\/schema\/logo\/image\/\",\"url\":\"https:\/\/www.outsourcing-iod.pl\/wp-content\/uploads\/2023\/03\/logo.png\",\"contentUrl\":\"https:\/\/www.outsourcing-iod.pl\/wp-content\/uploads\/2023\/03\/logo.png\",\"width\":300,\"height\":200,\"caption\":\"Outsourcing IOD Inspektor Ochrony Danych\"},\"image\":{\"@id\":\"https:\/\/www.outsourcing-iod.pl\/#\/schema\/logo\/image\/\"},\"sameAs\":[\"https:\/\/www.facebook.com\/firma.nformatyczna\"]}]}<\/script>\n<!-- \/ Yoast SEO plugin. -->","yoast_head_json":{"title":"Czy tworzenie dokumentacji z zakresu ochrony danych osobowych jest obowi\u0105zkiem powo\u0142anego Inspektora Ochrony Danych?","description":"Zapraszamy do naszej sekcji pyta\u0144 i odpowiedzi gdzie zapoznaj\u0105 si\u0119\u00a0Pa\u0144stwo z odpowiedzi\u0105 na to pytanie jak i inne ciekawe tematy","robots":{"index":"index","follow":"follow","max-snippet":"max-snippet:-1","max-image-preview":"max-image-preview:large","max-video-preview":"max-video-preview:-1"},"canonical":"https:\/\/www.outsourcing-iod.pl\/index.php\/czy-twrzenie-dokumentacji-jest-obowiazkiem-iod\/","og_locale":"pl_PL","og_type":"article","og_title":"Czy tworzenie dokumentacji z zakresu ochrony danych osobowych jest obowi\u0105zkiem powo\u0142anego Inspektora Ochrony Danych?","og_description":"Zapraszamy do naszej sekcji pyta\u0144 i odpowiedzi gdzie zapoznaj\u0105 si\u0119\u00a0Pa\u0144stwo z odpowiedzi\u0105 na to pytanie jak i inne ciekawe tematy","og_url":"https:\/\/www.outsourcing-iod.pl\/index.php\/czy-twrzenie-dokumentacji-jest-obowiazkiem-iod\/","og_site_name":"Outsourcing IOD Inspektor Ochrony Danych","article_publisher":"https:\/\/www.facebook.com\/firma.nformatyczna","article_modified_time":"2023-12-22T10:25:27+00:00","twitter_card":"summary_large_image","twitter_misc":{"Szacowany czas czytania":"1 minuta"},"schema":{"@context":"https:\/\/schema.org","@graph":[{"@type":"WebPage","@id":"https:\/\/www.outsourcing-iod.pl\/index.php\/czy-twrzenie-dokumentacji-jest-obowiazkiem-iod\/","url":"https:\/\/www.outsourcing-iod.pl\/index.php\/czy-twrzenie-dokumentacji-jest-obowiazkiem-iod\/","name":"Czy tworzenie dokumentacji z zakresu ochrony danych osobowych jest obowi\u0105zkiem powo\u0142anego Inspektora Ochrony Danych?","isPartOf":{"@id":"https:\/\/www.outsourcing-iod.pl\/#website"},"datePublished":"2023-12-22T10:25:26+00:00","dateModified":"2023-12-22T10:25:27+00:00","description":"Zapraszamy do naszej sekcji pyta\u0144 i odpowiedzi gdzie zapoznaj\u0105 si\u0119\u00a0Pa\u0144stwo z odpowiedzi\u0105 na to pytanie jak i inne ciekawe tematy","breadcrumb":{"@id":"https:\/\/www.outsourcing-iod.pl\/index.php\/czy-twrzenie-dokumentacji-jest-obowiazkiem-iod\/#breadcrumb"},"inLanguage":"pl-PL","potentialAction":[{"@type":"ReadAction","target":["https:\/\/www.outsourcing-iod.pl\/index.php\/czy-twrzenie-dokumentacji-jest-obowiazkiem-iod\/"]}]},{"@type":"BreadcrumbList","@id":"https:\/\/www.outsourcing-iod.pl\/index.php\/czy-twrzenie-dokumentacji-jest-obowiazkiem-iod\/#breadcrumb","itemListElement":[{"@type":"ListItem","position":1,"name":"Strona g\u0142\u00f3wna","item":"https:\/\/www.outsourcing-iod.pl\/"},{"@type":"ListItem","position":2,"name":"Czy tworzenie dokumentacji z zakresu ochrony danych osobowych jest obowi\u0105zkiem powo\u0142anego Inspektora Ochrony Danych?"}]},{"@type":"WebSite","@id":"https:\/\/www.outsourcing-iod.pl\/#website","url":"https:\/\/www.outsourcing-iod.pl\/","name":"Outsourcing IOD Inspektor Ochrony Danych","description":"Pe\u0142nimy zewn\u0119trzn\u0105 funkcj\u0119 inspektora ochrony danych","publisher":{"@id":"https:\/\/www.outsourcing-iod.pl\/#organization"},"potentialAction":[{"@type":"SearchAction","target":{"@type":"EntryPoint","urlTemplate":"https:\/\/www.outsourcing-iod.pl\/?s={search_term_string}"},"query-input":"required name=search_term_string"}],"inLanguage":"pl-PL"},{"@type":"Organization","@id":"https:\/\/www.outsourcing-iod.pl\/#organization","name":"Outsourcing IOD Inspektor Ochrony Danych","url":"https:\/\/www.outsourcing-iod.pl\/","logo":{"@type":"ImageObject","inLanguage":"pl-PL","@id":"https:\/\/www.outsourcing-iod.pl\/#\/schema\/logo\/image\/","url":"https:\/\/www.outsourcing-iod.pl\/wp-content\/uploads\/2023\/03\/logo.png","contentUrl":"https:\/\/www.outsourcing-iod.pl\/wp-content\/uploads\/2023\/03\/logo.png","width":300,"height":200,"caption":"Outsourcing IOD Inspektor Ochrony Danych"},"image":{"@id":"https:\/\/www.outsourcing-iod.pl\/#\/schema\/logo\/image\/"},"sameAs":["https:\/\/www.facebook.com\/firma.nformatyczna"]}]}},"_links":{"self":[{"href":"https:\/\/www.outsourcing-iod.pl\/index.php\/wp-json\/wp\/v2\/pages\/799"}],"collection":[{"href":"https:\/\/www.outsourcing-iod.pl\/index.php\/wp-json\/wp\/v2\/pages"}],"about":[{"href":"https:\/\/www.outsourcing-iod.pl\/index.php\/wp-json\/wp\/v2\/types\/page"}],"author":[{"embeddable":true,"href":"https:\/\/www.outsourcing-iod.pl\/index.php\/wp-json\/wp\/v2\/users\/1"}],"replies":[{"embeddable":true,"href":"https:\/\/www.outsourcing-iod.pl\/index.php\/wp-json\/wp\/v2\/comments?post=799"}],"version-history":[{"count":1,"href":"https:\/\/www.outsourcing-iod.pl\/index.php\/wp-json\/wp\/v2\/pages\/799\/revisions"}],"predecessor-version":[{"id":800,"href":"https:\/\/www.outsourcing-iod.pl\/index.php\/wp-json\/wp\/v2\/pages\/799\/revisions\/800"}],"wp:attachment":[{"href":"https:\/\/www.outsourcing-iod.pl\/index.php\/wp-json\/wp\/v2\/media?parent=799"}],"wp:term":[{"taxonomy":"category","embeddable":true,"href":"https:\/\/www.outsourcing-iod.pl\/index.php\/wp-json\/wp\/v2\/categories?post=799"},{"taxonomy":"post_tag","embeddable":true,"href":"https:\/\/www.outsourcing-iod.pl\/index.php\/wp-json\/wp\/v2\/tags?post=799"}],"curies":[{"name":"wp","href":"https:\/\/api.w.org\/{rel}","templated":true}]}}